{"id":994,"date":"2023-05-18T21:53:17","date_gmt":"2023-05-18T19:53:17","guid":{"rendered":"http:\/\/127.0.0.1\/wordpress\/?page_id=994"},"modified":"2024-03-09T00:38:44","modified_gmt":"2024-03-08T23:38:44","slug":"documents1","status":"publish","type":"page","link":"https:\/\/ceo-france.fr\/?page_id=994","title":{"rendered":"Documents1"},"content":{"rendered":"\t\t<div data-elementor-type=\"wp-page\" data-elementor-id=\"994\" class=\"elementor elementor-994\" data-elementor-settings=\"{&quot;scroll_snap&quot;:&quot;yes&quot;}\" data-elementor-post-type=\"page\">\n\t\t\t\t\t\t<section class=\"elementor-section elementor-top-section elementor-element elementor-element-8b081ff elementor-section-boxed elementor-section-height-default elementor-section-height-default\" data-id=\"8b081ff\" data-element_type=\"section\" data-e-type=\"section\">\n\t\t\t\t\t\t<div class=\"elementor-container elementor-column-gap-default\">\n\t\t\t\t\t<div class=\"elementor-column elementor-col-100 elementor-top-column elementor-element elementor-element-4ca0222\" data-id=\"4ca0222\" data-element_type=\"column\" data-e-type=\"column\">\n\t\t\t<div class=\"elementor-widget-wrap elementor-element-populated\">\n\t\t\t\t\t\t<div class=\"elementor-element elementor-element-fd38ee7 elementor-widget-tablet__width-initial elementor-widget elementor-widget-heading\" data-id=\"fd38ee7\" data-element_type=\"widget\" data-e-type=\"widget\" data-widget_type=\"heading.default\">\n\t\t\t\t<div class=\"elementor-widget-container\">\n\t\t\t\t\t<h2 class=\"elementor-heading-title elementor-size-default\">DOCUMENTS ET LIENS<\/h2>\t\t\t\t<\/div>\n\t\t\t\t<\/div>\n\t\t\t\t\t<\/div>\n\t\t<\/div>\n\t\t\t\t\t<\/div>\n\t\t<\/section>\n\t\t\t\t<section class=\"elementor-section elementor-top-section elementor-element elementor-element-f8da3dc elementor-section-boxed elementor-section-height-default elementor-section-height-default\" data-id=\"f8da3dc\" data-element_type=\"section\" data-e-type=\"section\">\n\t\t\t\t\t\t<div class=\"elementor-container elementor-column-gap-default\">\n\t\t\t\t\t<div class=\"elementor-column elementor-col-100 elementor-top-column elementor-element elementor-element-43d180d\" data-id=\"43d180d\" data-element_type=\"column\" data-e-type=\"column\" data-settings=\"{&quot;background_background&quot;:&quot;classic&quot;}\">\n\t\t\t<div class=\"elementor-widget-wrap elementor-element-populated\">\n\t\t\t\t\t\t<div class=\"elementor-element elementor-element-75500d9 elementor-widget elementor-widget-heading\" data-id=\"75500d9\" data-element_type=\"widget\" data-e-type=\"widget\" data-widget_type=\"heading.default\">\n\t\t\t\t<div class=\"elementor-widget-container\">\n\t\t\t\t\t<h2 class=\"elementor-heading-title elementor-size-default\">INTERVIEW M6 DU 15 AOUT 2020:\n<\/h2>\t\t\t\t<\/div>\n\t\t\t\t<\/div>\n\t\t\t\t<div class=\"elementor-element elementor-element-82a9050 elementor-widget elementor-widget-heading\" data-id=\"82a9050\" data-element_type=\"widget\" data-e-type=\"widget\" data-widget_type=\"heading.default\">\n\t\t\t\t<div class=\"elementor-widget-container\">\n\t\t\t\t\t<h2 class=\"elementor-heading-title elementor-size-default\">DRONES OU EXTRATERRESTRES<\/h2>\t\t\t\t<\/div>\n\t\t\t\t<\/div>\n\t\t\t\t<div class=\"elementor-element elementor-element-a32bc63 elementor-widget__width-initial elementor-widget elementor-widget-video\" data-id=\"a32bc63\" data-element_type=\"widget\" data-e-type=\"widget\" data-settings=\"{&quot;youtube_url&quot;:&quot;https:\\\/\\\/youtu.be\\\/cS0SiK7_jlo&quot;,&quot;video_type&quot;:&quot;youtube&quot;,&quot;controls&quot;:&quot;yes&quot;}\" data-widget_type=\"video.default\">\n\t\t\t\t<div class=\"elementor-widget-container\">\n\t\t\t\t\t\t\t<div class=\"elementor-wrapper elementor-open-inline\">\n\t\t\t<div class=\"elementor-video\"><\/div>\t\t<\/div>\n\t\t\t\t\t\t<\/div>\n\t\t\t\t<\/div>\n\t\t\t\t\t<\/div>\n\t\t<\/div>\n\t\t\t\t\t<\/div>\n\t\t<\/section>\n\t\t\t\t<section class=\"elementor-section elementor-top-section elementor-element elementor-element-8965fbe elementor-section-boxed elementor-section-height-default elementor-section-height-default\" data-id=\"8965fbe\" data-element_type=\"section\" data-e-type=\"section\">\n\t\t\t\t\t\t<div class=\"elementor-container elementor-column-gap-default\">\n\t\t\t\t\t<div class=\"elementor-column elementor-col-100 elementor-top-column elementor-element elementor-element-a0010c3\" data-id=\"a0010c3\" data-element_type=\"column\" data-e-type=\"column\" data-settings=\"{&quot;background_background&quot;:&quot;classic&quot;}\">\n\t\t\t<div class=\"elementor-widget-wrap elementor-element-populated\">\n\t\t\t\t\t\t<div class=\"elementor-element elementor-element-3f2fe4a elementor-widget elementor-widget-heading\" data-id=\"3f2fe4a\" data-element_type=\"widget\" data-e-type=\"widget\" data-widget_type=\"heading.default\">\n\t\t\t\t<div class=\"elementor-widget-container\">\n\t\t\t\t\t<h2 class=\"elementor-heading-title elementor-size-default\">VIBRACONFERENCE AVEC YVAN POIRIER<\/h2>\t\t\t\t<\/div>\n\t\t\t\t<\/div>\n\t\t\t\t<div class=\"elementor-element elementor-element-56715f5 elementor-widget elementor-widget-text-editor\" data-id=\"56715f5\" data-element_type=\"widget\" data-e-type=\"widget\" data-widget_type=\"text-editor.default\">\n\t\t\t\t<div class=\"elementor-widget-container\">\n\t\t\t\t\t\t\t\t\t<p dir=\"LTR\" align=\"LEFT\"><strong>Le 21 novembre 2017 nous avons r\u00e9alis\u00e9 via SKYPE une conf\u00e9rence\/entretien avec Yvan POIRIER d\u2019origine Canadienne, concernant le\u00a0 Rocher-du-Dromon.<\/strong><\/p><p dir=\"LTR\" align=\"LEFT\"><strong>Comment d\u00e9finir la pr\u00e9sence de Yvan POIRIER dans le domaine de l\u2019Ufologie ?<\/strong><\/p><p dir=\"LTR\" align=\"LEFT\"><strong>Il est hors de question pour l\u2019association de pr\u00e9senter une vision critique et n\u00e9gative d\u2019un quelconque Chercheur. La recherche d\u2019Yvan est originale. On ne peut pas le pr\u00e9senter comme un Ufologue, car il ne rentre pas dans le cadre de la recherche classique, telle que nous la connaissons, et, nous tenons \u00e0 la maintenir dans le cadre de nos enqu\u00eates.<\/strong><\/p><p dir=\"LTR\" align=\"LEFT\"><strong>Toutefois, il est important d\u2019\u00e9couter toute opinion et autre mode de recherches, s\u2019il permet, effectivement, d\u2019aboutir \u00e0 des informations utiles et contr\u00f4lables sur le terrain en mati\u00e8re de recherches sur les OVNIS .<\/strong><\/p><p dir=\"LTR\" align=\"LEFT\"><strong>Yvan POIRIER est une personne qui affirme \u00eatre contact\u00e9 de fa\u00e7on r\u00e9guli\u00e8re par de multiples races extraterrestres, intra-terrestres et infra-terrestres bienveillantes, notamment de la Conf\u00e9d\u00e9ration Intergalactique des Mondes Libres. Il ne nie pas l\u2019existence des gris ou des reptiliens ou autres du genre, mais il pr\u00e9f\u00e8re ne pas aborder le sujet. Il est des choses dont il ne faut pas parler.<\/strong><\/p>\t\t\t\t\t\t\t\t<\/div>\n\t\t\t\t<\/div>\n\t\t\t\t<section class=\"elementor-section elementor-inner-section elementor-element elementor-element-06674ae elementor-section-boxed elementor-section-height-default elementor-section-height-default\" data-id=\"06674ae\" data-element_type=\"section\" data-e-type=\"section\">\n\t\t\t\t\t\t<div class=\"elementor-container elementor-column-gap-default\">\n\t\t\t\t\t<div class=\"elementor-column elementor-col-50 elementor-inner-column elementor-element elementor-element-d8def12\" data-id=\"d8def12\" data-element_type=\"column\" data-e-type=\"column\">\n\t\t\t<div class=\"elementor-widget-wrap elementor-element-populated\">\n\t\t\t\t\t\t<div class=\"elementor-element elementor-element-9847774 elementor-widget__width-initial elementor-widget elementor-widget-video\" data-id=\"9847774\" data-element_type=\"widget\" data-e-type=\"widget\" data-settings=\"{&quot;youtube_url&quot;:&quot;https:\\\/\\\/youtu.be\\\/z52rF2WxAjk&quot;,&quot;video_type&quot;:&quot;youtube&quot;,&quot;controls&quot;:&quot;yes&quot;}\" data-widget_type=\"video.default\">\n\t\t\t\t<div class=\"elementor-widget-container\">\n\t\t\t\t\t\t\t<div class=\"elementor-wrapper elementor-open-inline\">\n\t\t\t<div class=\"elementor-video\"><\/div>\t\t<\/div>\n\t\t\t\t\t\t<\/div>\n\t\t\t\t<\/div>\n\t\t\t\t\t<\/div>\n\t\t<\/div>\n\t\t\t\t<div class=\"elementor-column elementor-col-50 elementor-inner-column elementor-element elementor-element-1ce9b7a\" data-id=\"1ce9b7a\" data-element_type=\"column\" data-e-type=\"column\">\n\t\t\t<div class=\"elementor-widget-wrap elementor-element-populated\">\n\t\t\t\t\t\t<div class=\"elementor-element elementor-element-5994d0e elementor-widget elementor-widget-text-editor\" data-id=\"5994d0e\" data-element_type=\"widget\" data-e-type=\"widget\" data-widget_type=\"text-editor.default\">\n\t\t\t\t<div class=\"elementor-widget-container\">\n\t\t\t\t\t\t\t\t\t<p>Site de la <em>Presse Galactique<\/em> :\u00a0 <a href=\"https:\/\/lapressegalactique.com\/\">https:\/\/lapressegalactique.com\/<\/a><\/p>\t\t\t\t\t\t\t\t<\/div>\n\t\t\t\t<\/div>\n\t\t\t\t\t<\/div>\n\t\t<\/div>\n\t\t\t\t\t<\/div>\n\t\t<\/section>\n\t\t\t\t\t<\/div>\n\t\t<\/div>\n\t\t\t\t\t<\/div>\n\t\t<\/section>\n\t\t\t\t<\/div>\n\t\t","protected":false},"excerpt":{"rendered":"<p>DOCUMENTS ET LIENS INTERVIEW M6 DU 15 AOUT 2020: DRONES OU EXTRATERRESTRES VIBRACONFERENCE AVEC YVAN POIRIER Le 21 novembre 2017 nous avons r\u00e9alis\u00e9 via SKYPE une conf\u00e9rence\/entretien avec Yvan POIRIER [&hellip;]<\/p>\n","protected":false},"author":1,"featured_media":0,"parent":0,"menu_order":0,"comment_status":"closed","ping_status":"closed","template":"","meta":{"footnotes":""},"folder":[28],"class_list":["post-994","page","type-page","status-publish","hentry"],"_links":{"self":[{"href":"https:\/\/ceo-france.fr\/index.php?rest_route=\/wp\/v2\/pages\/994","targetHints":{"allow":["GET"]}}],"collection":[{"href":"https:\/\/ceo-france.fr\/index.php?rest_route=\/wp\/v2\/pages"}],"about":[{"href":"https:\/\/ceo-france.fr\/index.php?rest_route=\/wp\/v2\/types\/page"}],"author":[{"embeddable":true,"href":"https:\/\/ceo-france.fr\/index.php?rest_route=\/wp\/v2\/users\/1"}],"replies":[{"embeddable":true,"href":"https:\/\/ceo-france.fr\/index.php?rest_route=%2Fwp%2Fv2%2Fcomments&post=994"}],"version-history":[{"count":31,"href":"https:\/\/ceo-france.fr\/index.php?rest_route=\/wp\/v2\/pages\/994\/revisions"}],"predecessor-version":[{"id":1742,"href":"https:\/\/ceo-france.fr\/index.php?rest_route=\/wp\/v2\/pages\/994\/revisions\/1742"}],"wp:attachment":[{"href":"https:\/\/ceo-france.fr\/index.php?rest_route=%2Fwp%2Fv2%2Fmedia&parent=994"}],"wp:term":[{"taxonomy":"folder","embeddable":true,"href":"https:\/\/ceo-france.fr\/index.php?rest_route=%2Fwp%2Fv2%2Ffolder&post=994"}],"curies":[{"name":"wp","href":"https:\/\/api.w.org\/{rel}","templated":true}]}}