{"id":2145,"date":"2024-07-18T23:33:47","date_gmt":"2024-07-18T21:33:47","guid":{"rendered":"https:\/\/ceo-france.fr\/?page_id=2145"},"modified":"2024-08-29T23:29:18","modified_gmt":"2024-08-29T21:29:18","slug":"actualite-ufologique","status":"publish","type":"page","link":"https:\/\/ceo-france.fr\/?page_id=2145","title":{"rendered":"ACTUALITE UFOLOGIQUE"},"content":{"rendered":"\t\t<div data-elementor-type=\"wp-page\" data-elementor-id=\"2145\" class=\"elementor elementor-2145\" data-elementor-post-type=\"page\">\n\t\t\t\t\t\t<section class=\"elementor-section elementor-top-section elementor-element elementor-element-5394e9e elementor-section-boxed elementor-section-height-default elementor-section-height-default\" data-id=\"5394e9e\" data-element_type=\"section\" data-e-type=\"section\">\n\t\t\t\t\t\t<div class=\"elementor-container elementor-column-gap-default\">\n\t\t\t\t\t<div class=\"elementor-column elementor-col-100 elementor-top-column elementor-element elementor-element-79c42a6\" data-id=\"79c42a6\" data-element_type=\"column\" data-e-type=\"column\">\n\t\t\t<div class=\"elementor-widget-wrap elementor-element-populated\">\n\t\t\t\t\t\t<div class=\"elementor-element elementor-element-34006f5 elementor-widget elementor-widget-heading\" data-id=\"34006f5\" data-element_type=\"widget\" data-e-type=\"widget\" data-widget_type=\"heading.default\">\n\t\t\t\t<div class=\"elementor-widget-container\">\n\t\t\t\t\t<h1 class=\"elementor-heading-title elementor-size-large\">ACTUALITE UFOLOGIQUE<\/h1>\t\t\t\t<\/div>\n\t\t\t\t<\/div>\n\t\t\t\t\t<\/div>\n\t\t<\/div>\n\t\t\t\t\t<\/div>\n\t\t<\/section>\n\t\t\t\t<section class=\"elementor-section elementor-top-section elementor-element elementor-element-ddb52ed elementor-section-boxed elementor-section-height-default elementor-section-height-default\" data-id=\"ddb52ed\" data-element_type=\"section\" data-e-type=\"section\">\n\t\t\t\t\t\t<div class=\"elementor-container elementor-column-gap-default\">\n\t\t\t\t\t<div class=\"elementor-column elementor-col-100 elementor-top-column elementor-element elementor-element-8237d4d\" data-id=\"8237d4d\" data-element_type=\"column\" data-e-type=\"column\">\n\t\t\t<div class=\"elementor-widget-wrap elementor-element-populated\">\n\t\t\t\t\t\t<div class=\"elementor-element elementor-element-e0d6b02 elementor-grid-eael-col-1 elementor-grid-tablet-eael-col-2 elementor-grid-mobile-eael-col-1 elementor-widget elementor-widget-eael-post-grid\" data-id=\"e0d6b02\" data-element_type=\"widget\" data-e-type=\"widget\" data-settings=\"{&quot;eael_post_grid_columns&quot;:&quot;eael-col-1&quot;,&quot;motion_fx_motion_fx_mouse&quot;:&quot;yes&quot;,&quot;_animation&quot;:&quot;none&quot;,&quot;eael_post_grid_columns_tablet&quot;:&quot;eael-col-2&quot;,&quot;eael_post_grid_columns_mobile&quot;:&quot;eael-col-1&quot;}\" data-widget_type=\"eael-post-grid.default\">\n\t\t\t\t<div class=\"elementor-widget-container\">\n\t\t\t\t\t<div id=\"eael-post-grid-e0d6b02\" class=\"eael-post-grid-container\">\n            <div class=\"eael-post-grid eael-post-appender eael-post-appender-e0d6b02 eael-post-grid-style-one\" data-layout-mode=\"grid\"><article class=\"eael-grid-post  eael-post-grid-column eael-pg-post-2395 category-actu-ufo\" data-id=\"2395\">\n        <div class=\"eael-grid-post-holder\">\n            <div class=\"eael-grid-post-holder-inner\"><div class=\"eael-entry-wrapper\"><div class=\"eael-entry-content\">\n                        <div class=\"eael-grid-post-excerpt\"><p>Rentr\u00e9e dans l&#8217;atmosph\u00e8re des restes d&#8217;un satellite mardi 27 aout \u00e0 21h30 Ph\u00e9nom\u00e8ne observ\u00e9 et film\u00e9 par de nombreux t\u00e9moins dans le nord-est de la France et au dessus de [&hellip;]<\/p><a href=\"https:\/\/ceo-france.fr\/?p=2395\" class=\"eael-post-elements-readmore-btn\">LIRE LA SUITE...<\/a><\/div>\n                    <\/div><\/div><\/div>\n        <\/div>\n    <\/article><article class=\"eael-grid-post  eael-post-grid-column eael-pg-post-2327 category-actu-ufo\" data-id=\"2327\">\n        <div class=\"eael-grid-post-holder\">\n            <div class=\"eael-grid-post-holder-inner\"><div class=\"eael-entry-wrapper\"><div class=\"eael-entry-content\">\n                        <div class=\"eael-grid-post-excerpt\"><p>Agroglyphe dans la Manche 8 juin 2024 Apparu subitement entre minuit et 4h du matin, ce crop circle a suscit\u00e9 la surprise \u00e0 Valcanville dans le Cotentin. 70 m\u00e8tres de [&hellip;]<\/p><a href=\"https:\/\/ceo-france.fr\/?p=2327\" class=\"eael-post-elements-readmore-btn\">LIRE LA SUITE...<\/a><\/div>\n                    <\/div><\/div><\/div>\n        <\/div>\n    <\/article><article class=\"eael-grid-post  eael-post-grid-column eael-pg-post-2309 category-actu-ufo\" data-id=\"2309\">\n        <div class=\"eael-grid-post-holder\">\n            <div class=\"eael-grid-post-holder-inner\"><div class=\"eael-entry-wrapper\"><div class=\"eael-entry-content\">\n                        <div class=\"eael-grid-post-excerpt\"><p>3eme rencontres ufologiques de Montsoreau les 26 et 27 octobre 2024 pr\u00e8s de Saumur au croisement de l\u2019Anjou et de la Touraine.Exposition, conf\u00e9rences et initiation \u00e0 l\u2019astronomie figurent au programme.Voici [&hellip;]<\/p><a href=\"https:\/\/ceo-france.fr\/?p=2309\" class=\"eael-post-elements-readmore-btn\">LIRE LA SUITE...<\/a><\/div>\n                    <\/div><\/div><\/div>\n        <\/div>\n    <\/article><article class=\"eael-grid-post  eael-post-grid-column eael-pg-post-2303 category-actu-ufo\" data-id=\"2303\">\n        <div class=\"eael-grid-post-holder\">\n            <div class=\"eael-grid-post-holder-inner\"><div class=\"eael-entry-wrapper\"><div class=\"eael-entry-content\">\n                        <div class=\"eael-grid-post-excerpt\"><p>Les Nuits des \u00e9toiles se d\u00e9rouleront les 9, 10 et 11 ao\u00fbt 2024 Depuis 1991, les Nuits des \u00e9toiles sont anim\u00e9es par des \u00e9quipes d\u2019astronomes b\u00e9n\u00e9voles. Vous \u00eates invit\u00e9s \u00e0 [&hellip;]<\/p><a href=\"https:\/\/ceo-france.fr\/?p=2303\" class=\"eael-post-elements-readmore-btn\">LIRE LA SUITE...<\/a><\/div>\n                    <\/div><\/div><\/div>\n        <\/div>\n    <\/article><article class=\"eael-grid-post  eael-post-grid-column eael-pg-post-2294 category-actu-ufo\" data-id=\"2294\">\n        <div class=\"eael-grid-post-holder\">\n            <div class=\"eael-grid-post-holder-inner\"><div class=\"eael-entry-wrapper\"><div class=\"eael-entry-content\">\n                        <div class=\"eael-grid-post-excerpt\"><p>Exposition Maurice MASSE \u00e0 Valensole 2024 M\u00e9moire Vivante de Valensole vous propose du 1er au 31 juillet 2024 de visiter l\u2019exposition \u00ab Maurice Masse et l\u2019OVNI \u00bb r\u00e9alis\u00e9e \u00e0 partir [&hellip;]<\/p><a href=\"https:\/\/ceo-france.fr\/?p=2294\" class=\"eael-post-elements-readmore-btn\">LIRE LA SUITE...<\/a><\/div>\n                    <\/div><\/div><\/div>\n        <\/div>\n    <\/article><article class=\"eael-grid-post  eael-post-grid-column eael-pg-post-2272 category-actu-ufo\" data-id=\"2272\">\n        <div class=\"eael-grid-post-holder\">\n            <div class=\"eael-grid-post-holder-inner\"><div class=\"eael-entry-wrapper\"><div class=\"eael-entry-content\">\n                        <div class=\"eael-grid-post-excerpt\"><p>SETI, \u00e0 la recherche de la vie extraterrestre soir\u00e9e du Vendredi 16 ao\u00fbt 2024 Une soir\u00e9e grand public exceptionnelle anim\u00e9e par Mathieu Vidard, de l\u2019\u00e9mission \u00ab La Terre au Carr\u00e9 [&hellip;]<\/p><a href=\"https:\/\/ceo-france.fr\/?p=2272\" class=\"eael-post-elements-readmore-btn\">LIRE LA SUITE...<\/a><\/div>\n                    <\/div><\/div><\/div>\n        <\/div>\n    <\/article><article class=\"eael-grid-post  eael-post-grid-column eael-pg-post-2265 category-actu-ufo\" data-id=\"2265\">\n        <div class=\"eael-grid-post-holder\">\n            <div class=\"eael-grid-post-holder-inner\"><div class=\"eael-entry-wrapper\"><div class=\"eael-entry-content\">\n                        <div class=\"eael-grid-post-excerpt\"><p>Un bolide a \u00e9bloui le ciel de Provence 10 juillet 2024 Vers 22h57 une m\u00e9t\u00e9orite a travers\u00e9 le ciel du Var, des Bouches du Rh\u00f4ne et jusqu\u2019\u00e0 l\u2019H\u00e9rault. Elle n\u2019est [&hellip;]<\/p><a href=\"https:\/\/ceo-france.fr\/?p=2265\" class=\"eael-post-elements-readmore-btn\">LIRE LA SUITE...<\/a><\/div>\n                    <\/div><\/div><\/div>\n        <\/div>\n    <\/article><article class=\"eael-grid-post  eael-post-grid-column eael-pg-post-2257 category-actu-ufo\" data-id=\"2257\">\n        <div class=\"eael-grid-post-holder\">\n            <div class=\"eael-grid-post-holder-inner\"><div class=\"eael-entry-wrapper\"><div class=\"eael-entry-content\">\n                        <div class=\"eael-grid-post-excerpt\"><p>Observation en Vend\u00e9e le 13 05 2024 vers 4h le matin aux Sables-d\u2019Olonne \u00e0 Sauveterre. Un message avec deux photos post\u00e9es par Ccile Mnr sur le groupe Facebook \u00ab\u00a0Ma vie [&hellip;]<\/p><a href=\"https:\/\/ceo-france.fr\/?p=2257\" class=\"eael-post-elements-readmore-btn\">LIRE LA SUITE...<\/a><\/div>\n                    <\/div><\/div><\/div>\n        <\/div>\n    <\/article><article class=\"eael-grid-post  eael-post-grid-column eael-pg-post-2249 category-actu-ufo\" data-id=\"2249\">\n        <div class=\"eael-grid-post-holder\">\n            <div class=\"eael-grid-post-holder-inner\"><div class=\"eael-entry-wrapper\"><div class=\"eael-entry-content\">\n                        <div class=\"eael-grid-post-excerpt\"><p>Une habitante de Martigues t\u00e9moin d\u2019\u00e9tranges lumi\u00e8res blanches dans le ciel le 27 avril 2024. Cette insomniaque habitant le quartier de Jonqui\u00e8res a pu observer vers 2h30 un \u00e9trange ballet [&hellip;]<\/p><a href=\"https:\/\/ceo-france.fr\/?p=2249\" class=\"eael-post-elements-readmore-btn\">LIRE LA SUITE...<\/a><\/div>\n                    <\/div><\/div><\/div>\n        <\/div>\n    <\/article><article class=\"eael-grid-post  eael-post-grid-column eael-pg-post-2221 category-actu-ufo\" data-id=\"2221\">\n        <div class=\"eael-grid-post-holder\">\n            <div class=\"eael-grid-post-holder-inner\"><div class=\"eael-entry-wrapper\"><div class=\"eael-entry-content\">\n                        <div class=\"eael-grid-post-excerpt\"><p>Un corps c\u00e9leste a travers\u00e9 le ciel proven\u00e7al dimanche 04 f\u00e9vrier 2024 vers 23h. Traversant la voute c\u00e9leste du nord est des Pyr\u00e9n\u00e9es jusqu\u2019en Allemagne et en passant notamment par [&hellip;]<\/p><a href=\"https:\/\/ceo-france.fr\/?p=2221\" class=\"eael-post-elements-readmore-btn\">LIRE LA SUITE...<\/a><\/div>\n                    <\/div><\/div><\/div>\n        <\/div>\n    <\/article><\/div>\n            <div class=\"clearfix\"><\/div>\n        <\/div>\t\t\t\t<\/div>\n\t\t\t\t<\/div>\n\t\t\t\t\t<\/div>\n\t\t<\/div>\n\t\t\t\t\t<\/div>\n\t\t<\/section>\n\t\t\t\t<\/div>\n\t\t","protected":false},"excerpt":{"rendered":"<p>ACTUALITE UFOLOGIQUE Rentr\u00e9e dans l&#8217;atmosph\u00e8re des restes d&#8217;un satellite mardi 27 aout \u00e0 21h30 Ph\u00e9nom\u00e8ne observ\u00e9 et film\u00e9 par de nombreux t\u00e9moins dans le nord-est de la France et au [&hellip;]<\/p>\n","protected":false},"author":1,"featured_media":0,"parent":0,"menu_order":0,"comment_status":"closed","ping_status":"closed","template":"","meta":{"footnotes":""},"folder":[28],"class_list":["post-2145","page","type-page","status-publish","hentry"],"_links":{"self":[{"href":"https:\/\/ceo-france.fr\/index.php?rest_route=\/wp\/v2\/pages\/2145","targetHints":{"allow":["GET"]}}],"collection":[{"href":"https:\/\/ceo-france.fr\/index.php?rest_route=\/wp\/v2\/pages"}],"about":[{"href":"https:\/\/ceo-france.fr\/index.php?rest_route=\/wp\/v2\/types\/page"}],"author":[{"embeddable":true,"href":"https:\/\/ceo-france.fr\/index.php?rest_route=\/wp\/v2\/users\/1"}],"replies":[{"embeddable":true,"href":"https:\/\/ceo-france.fr\/index.php?rest_route=%2Fwp%2Fv2%2Fcomments&post=2145"}],"version-history":[{"count":35,"href":"https:\/\/ceo-france.fr\/index.php?rest_route=\/wp\/v2\/pages\/2145\/revisions"}],"predecessor-version":[{"id":2556,"href":"https:\/\/ceo-france.fr\/index.php?rest_route=\/wp\/v2\/pages\/2145\/revisions\/2556"}],"wp:attachment":[{"href":"https:\/\/ceo-france.fr\/index.php?rest_route=%2Fwp%2Fv2%2Fmedia&parent=2145"}],"wp:term":[{"taxonomy":"folder","embeddable":true,"href":"https:\/\/ceo-france.fr\/index.php?rest_route=%2Fwp%2Fv2%2Ffolder&post=2145"}],"curies":[{"name":"wp","href":"https:\/\/api.w.org\/{rel}","templated":true}]}}