{"id":193,"date":"2023-03-12T19:37:32","date_gmt":"2023-03-12T18:37:32","guid":{"rendered":"http:\/\/127.0.0.1\/wordpress\/?page_id=193"},"modified":"2024-06-23T03:07:06","modified_gmt":"2024-06-23T01:07:06","slug":"apropos","status":"publish","type":"page","link":"https:\/\/ceo-france.fr\/?page_id=193","title":{"rendered":"Apropos"},"content":{"rendered":"\t\t<div data-elementor-type=\"wp-page\" data-elementor-id=\"193\" class=\"elementor elementor-193\" data-elementor-post-type=\"page\">\n\t\t\t\t\t\t<section class=\"elementor-section elementor-top-section elementor-element elementor-element-82b0f7e elementor-section-boxed elementor-section-height-default elementor-section-height-default\" data-id=\"82b0f7e\" data-element_type=\"section\" data-e-type=\"section\">\n\t\t\t\t\t\t<div class=\"elementor-container elementor-column-gap-default\">\n\t\t\t\t\t<div class=\"elementor-column elementor-col-100 elementor-top-column elementor-element elementor-element-130e5e0\" data-id=\"130e5e0\" data-element_type=\"column\" data-e-type=\"column\">\n\t\t\t<div class=\"elementor-widget-wrap elementor-element-populated\">\n\t\t\t\t\t\t<div class=\"elementor-element elementor-element-9f82c21 elementor-widget elementor-widget-heading\" data-id=\"9f82c21\" data-element_type=\"widget\" data-e-type=\"widget\" data-widget_type=\"heading.default\">\n\t\t\t\t<div class=\"elementor-widget-container\">\n\t\t\t\t\t<h1 class=\"elementor-heading-title elementor-size-large\">A PROPOS DU CEOF<\/h1>\t\t\t\t<\/div>\n\t\t\t\t<\/div>\n\t\t\t\t\t<\/div>\n\t\t<\/div>\n\t\t\t\t\t<\/div>\n\t\t<\/section>\n\t\t\t\t<section class=\"elementor-section elementor-top-section elementor-element elementor-element-8fd8e67 elementor-section-boxed elementor-section-height-default elementor-section-height-default\" data-id=\"8fd8e67\" data-element_type=\"section\" data-e-type=\"section\">\n\t\t\t\t\t\t<div class=\"elementor-container elementor-column-gap-default\">\n\t\t\t\t\t<div class=\"elementor-column elementor-col-100 elementor-top-column elementor-element elementor-element-17a5c16\" data-id=\"17a5c16\" data-element_type=\"column\" data-e-type=\"column\" data-settings=\"{&quot;background_background&quot;:&quot;classic&quot;}\">\n\t\t\t<div class=\"elementor-widget-wrap elementor-element-populated\">\n\t\t\t\t\t\t<div class=\"elementor-element elementor-element-fce23ce elementor-widget__width-initial elementor-widget elementor-widget-text-editor\" data-id=\"fce23ce\" data-element_type=\"widget\" data-e-type=\"widget\" data-widget_type=\"text-editor.default\">\n\t\t\t\t<div class=\"elementor-widget-container\">\n\t\t\t\t\t\t\t\t\t<h2><strong>\u00a0LE CENTRE D\u2019\u00c9TUDES OVNI FRANCE<\/strong><\/h2><p><strong>Passionn\u00e9s par l&#8217;inexpliqu\u00e9, nous sommes une association ufologique d\u00e9di\u00e9e \u00e0 l&#8217;\u00e9tude s\u00e9rieuse et \u00e0 l&#8217;enqu\u00eate sur les ph\u00e9nom\u00e8nes OVNI. Nous nous effor\u00e7ons de continuer le travail d&#8217;enqu\u00eate initi\u00e9 par nos pr\u00e9d\u00e9cesseurs tout en conservant leur int\u00e9grit\u00e9 reconnue de tous.<\/strong><\/p><p><strong>Notre M\u00e9thodologie<\/strong><\/p><p>Nous basons nos travaux sur l&#8217;exp\u00e9rimentation, l&#8217;enqu\u00eate sur le terrain et la collecte de t\u00e9moignages. Notre \u00e9quipe est compos\u00e9e de scientifiques et de chercheurs passionn\u00e9s qui travaillent en permanence pour \u00e9lucider ce myst\u00e8re sans rejeter aucune hypoth\u00e8se.<\/p><p><strong>Nos Engagements<br \/><\/strong><\/p><p>\u2728 <strong>S\u00e9rieux et Objectivit\u00e9<\/strong> : Nous abordons le sujet des OVNI avec une approche scientifique et m\u00e9thodique, mettant en avant l&#8217;importance de la rigueur dans nos enqu\u00eates.<\/p><p>\ud83d\udd0d <strong>Recherche Approfondie<\/strong> : Notre \u00e9quipe d\u00e9vou\u00e9e m\u00e8ne des enqu\u00eates approfondies pour d\u00e9mystifier les rencontres avec des OVNI et les ph\u00e9nom\u00e8nes inexpliqu\u00e9s.<\/p><p>\ud83d\ude80 <strong>Partage des Connaissances<\/strong> : Nous croyons en l&#8217;importance de partager nos d\u00e9couvertes et nos recherches avec le public pour stimuler la r\u00e9flexion et la compr\u00e9hension du ph\u00e9nom\u00e8ne OVNI.<\/p><p>\ud83c\udf1f <strong>\u00c9v\u00e9nements \u00c9ducatifs<\/strong> : Nous organisons des conf\u00e9rences, pr\u00e9parons des ateliers et des expositions pour sensibiliser et \u00e9duquer le public sur ce myst\u00e8re fascinant. Nous \u00e9dition d\u2019un bulletin semestriel.<\/p><p>Il est regrettable que certaines associations se revendiquent comme \u00e9tant une scission du CEO France, arborant un nom tr\u00e8s proche du notre. Il n&#8217;y a eu aucune scission malgr\u00e9 le d\u00e9part souhait\u00e9 de certains membres dont les m\u00e9thodes et les objectifs divergeaient du s\u00e9rieux qui a caract\u00e9ris\u00e9 plusieurs g\u00e9n\u00e9rations de chercheurs au CEOF jusqu&#8217;\u00e0 aujourd&#8217;hui.<br \/>Nous sommes bien le seul et unique Centre d&#8217;\u00e9tudes OVNI France, pr\u00e9sid\u00e9 par M. Alexis VAYSSETTES et dont M. Ren\u00e9 VOARINO (fondateur) est aujourd&#8217;hui consultant.<\/p><p><strong>Rejoignez-nous !\u00a0\u00a0\u00a0\u00a0\u00a0\u00a0\u00a0\u00a0\u00a0\u00a0\u00a0 <\/strong><a href=\"http:\/\/www.ceo-france.fr\">contact@ceo-france.fr<\/a><\/p>\t\t\t\t\t\t\t\t<\/div>\n\t\t\t\t<\/div>\n\t\t\t\t<section class=\"elementor-section elementor-inner-section elementor-element elementor-element-5001a90 elementor-section-boxed elementor-section-height-default elementor-section-height-default\" data-id=\"5001a90\" data-element_type=\"section\" data-e-type=\"section\">\n\t\t\t\t\t\t<div class=\"elementor-container elementor-column-gap-default\">\n\t\t\t\t\t<div class=\"elementor-column elementor-col-50 elementor-inner-column elementor-element elementor-element-263fd56\" data-id=\"263fd56\" data-element_type=\"column\" data-e-type=\"column\">\n\t\t\t<div class=\"elementor-widget-wrap elementor-element-populated\">\n\t\t\t\t\t\t<div class=\"elementor-element elementor-element-d1f4974 elementor-widget__width-initial elementor-widget elementor-widget-text-editor\" data-id=\"d1f4974\" data-element_type=\"widget\" data-e-type=\"widget\" data-widget_type=\"text-editor.default\">\n\t\t\t\t<div class=\"elementor-widget-container\">\n\t\t\t\t\t\t\t\t\t<h2><strong>HISTORIQUE<\/strong><\/h2><p>Notre association a \u00e9t\u00e9 cr\u00e9\u00e9e en 1975 par Monsieur <b>Ren\u00e9 Voarino<\/b> et Monsieur <strong>Georges Serini<\/strong> sous le nom de <b>CEOF :<br \/>CENTRE D\u2019\u00c9TUDES OVNI FRANCE <\/b>. <br \/>Nous avons choisi de conserver ce nom fid\u00e8le \u00e0 nos initiateurs&#8230;<\/p><p>Mais auparavant le CEOF\u00a0 eut plusieurs d\u00e9nominations :<\/p><ul><li>Commission d&#8217;\u00c9tude Ouranos Marseille<\/li><li>Commission d&#8217;\u00c9tude\u00a0Ouranos Vaucluse<\/li><li>Commission d&#8217;\u00c9tude Ouranos Sud Est<\/li><li>Centre d&#8217;\u00c9tude Ovnis Sud Est (CEOSE)<\/li><\/ul><p>Pr\u00e9cisons que ce dernier fut un rapprochement entre la Commission OURANOS Marseille et le G.R.I.PH.O.M, dont les principaux acteurs \u00e9tant Jean Bedet, Georges S\u00e9rini, Jean-Pierre Calmel, Alain Farrugia, Charles-Paul Val\u00e9ry et bien d&#8217;autres.<\/p><p>Plusieurs de ces personnes sont encore parmi nous, d&#8217;autres ont davantage marqu\u00e9 notre Association, l&#8217;une d&#8217;entre elle fut un membre \u00e9minent de la communaut\u00e9 ufologique :<br \/>\u00a0 M. Jimmy GUIEU (Ecrivain et Ufologue) qui occupait chez nous la fonction de Consultant.<\/p>\t\t\t\t\t\t\t\t<\/div>\n\t\t\t\t<\/div>\n\t\t\t\t\t<\/div>\n\t\t<\/div>\n\t\t\t\t<div class=\"elementor-column elementor-col-50 elementor-inner-column elementor-element elementor-element-0a05c53\" data-id=\"0a05c53\" data-element_type=\"column\" data-e-type=\"column\">\n\t\t\t<div class=\"elementor-widget-wrap elementor-element-populated\">\n\t\t\t\t\t\t<div class=\"elementor-element elementor-element-cfa5547 elementor-widget elementor-widget-image\" data-id=\"cfa5547\" data-element_type=\"widget\" data-e-type=\"widget\" data-widget_type=\"image.default\">\n\t\t\t\t<div class=\"elementor-widget-container\">\n\t\t\t\t\t\t\t\t\t\t\t\t<figure class=\"wp-caption\">\n\t\t\t\t\t\t\t\t\t\t<img decoding=\"async\" src=\"https:\/\/ceo-france.fr\/wp-content\/uploads\/elementor\/thumbs\/Voarino-Serini-Ribera-qhxjytmbll2bad9s8obhug6ythz8xv3783iu2p03c4.jpg\" title=\"Voarino Serini Ribera\" alt=\"Voarino Serini Ribera\" loading=\"lazy\" \/>\t\t\t\t\t\t\t\t\t\t\t<figcaption class=\"widget-image-caption wp-caption-text\"><\/figcaption>\n\t\t\t\t\t\t\t\t\t\t<\/figure>\n\t\t\t\t\t\t\t\t\t<\/div>\n\t\t\t\t<\/div>\n\t\t\t\t<div class=\"elementor-element elementor-element-f46ac08 elementor-widget elementor-widget-heading\" data-id=\"f46ac08\" data-element_type=\"widget\" data-e-type=\"widget\" data-widget_type=\"heading.default\">\n\t\t\t\t<div class=\"elementor-widget-container\">\n\t\t\t\t\t<h4 class=\"elementor-heading-title elementor-size-small\">Ren\u00e9 VOARINO \u00e0 gauche, Georges SERINI au centre et avec Antonio RIBERA assis\n\n(L'heure de v\u00e9rit\u00e9 ufologique mars1992)<\/h4>\t\t\t\t<\/div>\n\t\t\t\t<\/div>\n\t\t\t\t<div class=\"elementor-element elementor-element-2f2fb58 elementor-widget elementor-widget-image\" data-id=\"2f2fb58\" data-element_type=\"widget\" data-e-type=\"widget\" id=\"apropos-photo2\" data-widget_type=\"image.default\">\n\t\t\t\t<div class=\"elementor-widget-container\">\n\t\t\t\t\t\t\t\t\t\t\t\t\t\t\t<img decoding=\"async\" src=\"https:\/\/ceo-france.fr\/wp-content\/uploads\/elementor\/thumbs\/sortie-avec-voitures-v2-film-qjeko6q8sgh9l79ygel60vdr6ejx9mdqfo8xbz0gxg.png\" title=\"sortie-avec-voitures-v2-film\" alt=\"sortie-avec-voitures-v2-film\" loading=\"lazy\" \/>\t\t\t\t\t\t\t\t\t\t\t\t\t\t\t<\/div>\n\t\t\t\t<\/div>\n\t\t\t\t<div class=\"elementor-element elementor-element-9327a43 elementor-widget elementor-widget-image\" data-id=\"9327a43\" data-element_type=\"widget\" data-e-type=\"widget\" id=\"apropos-photo3\" data-widget_type=\"image.default\">\n\t\t\t\t<div class=\"elementor-widget-container\">\n\t\t\t\t\t\t\t\t\t\t\t\t\t\t\t<img decoding=\"async\" src=\"https:\/\/ceo-france.fr\/wp-content\/uploads\/elementor\/thumbs\/sortie-a-pied-v2-film-qjeko4ukeseoxzcordrwvvutzmt6u869rexydf394c.png\" title=\"sortie-a-pied-v2-film\" alt=\"sortie-a-pied-v2-film\" loading=\"lazy\" \/>\t\t\t\t\t\t\t\t\t\t\t\t\t\t\t<\/div>\n\t\t\t\t<\/div>\n\t\t\t\t<div class=\"elementor-element elementor-element-e182382 elementor-widget elementor-widget-image\" data-id=\"e182382\" data-element_type=\"widget\" data-e-type=\"widget\" data-widget_type=\"image.default\">\n\t\t\t\t<div class=\"elementor-widget-container\">\n\t\t\t\t\t\t\t\t\t\t\t\t\t\t\t<img fetchpriority=\"high\" decoding=\"async\" width=\"229\" height=\"300\" src=\"https:\/\/ceo-france.fr\/wp-content\/uploads\/2023\/04\/ouranos-cover_nr_L-229x300.jpg\" class=\"attachment-medium size-medium wp-image-462\" alt=\"\" srcset=\"https:\/\/ceo-france.fr\/wp-content\/uploads\/2023\/04\/ouranos-cover_nr_L-229x300.jpg 229w, https:\/\/ceo-france.fr\/wp-content\/uploads\/2023\/04\/ouranos-cover_nr_L.jpg 768w\" sizes=\"(max-width: 229px) 100vw, 229px\" \/>\t\t\t\t\t\t\t\t\t\t\t\t\t\t\t<\/div>\n\t\t\t\t<\/div>\n\t\t\t\t\t<\/div>\n\t\t<\/div>\n\t\t\t\t\t<\/div>\n\t\t<\/section>\n\t\t\t\t\t<\/div>\n\t\t<\/div>\n\t\t\t\t\t<\/div>\n\t\t<\/section>\n\t\t\t\t<\/div>\n\t\t","protected":false},"excerpt":{"rendered":"<p>A PROPOS DU CEOF \u00a0LE CENTRE D\u2019\u00c9TUDES OVNI FRANCE Passionn\u00e9s par l&#8217;inexpliqu\u00e9, nous sommes une association ufologique d\u00e9di\u00e9e \u00e0 l&#8217;\u00e9tude s\u00e9rieuse et \u00e0 l&#8217;enqu\u00eate sur les ph\u00e9nom\u00e8nes OVNI. Nous nous [&hellip;]<\/p>\n","protected":false},"author":1,"featured_media":0,"parent":0,"menu_order":0,"comment_status":"closed","ping_status":"closed","template":"","meta":{"footnotes":""},"folder":[28],"class_list":["post-193","page","type-page","status-publish","hentry"],"_links":{"self":[{"href":"https:\/\/ceo-france.fr\/index.php?rest_route=\/wp\/v2\/pages\/193","targetHints":{"allow":["GET"]}}],"collection":[{"href":"https:\/\/ceo-france.fr\/index.php?rest_route=\/wp\/v2\/pages"}],"about":[{"href":"https:\/\/ceo-france.fr\/index.php?rest_route=\/wp\/v2\/types\/page"}],"author":[{"embeddable":true,"href":"https:\/\/ceo-france.fr\/index.php?rest_route=\/wp\/v2\/users\/1"}],"replies":[{"embeddable":true,"href":"https:\/\/ceo-france.fr\/index.php?rest_route=%2Fwp%2Fv2%2Fcomments&post=193"}],"version-history":[{"count":71,"href":"https:\/\/ceo-france.fr\/index.php?rest_route=\/wp\/v2\/pages\/193\/revisions"}],"predecessor-version":[{"id":2126,"href":"https:\/\/ceo-france.fr\/index.php?rest_route=\/wp\/v2\/pages\/193\/revisions\/2126"}],"wp:attachment":[{"href":"https:\/\/ceo-france.fr\/index.php?rest_route=%2Fwp%2Fv2%2Fmedia&parent=193"}],"wp:term":[{"taxonomy":"folder","embeddable":true,"href":"https:\/\/ceo-france.fr\/index.php?rest_route=%2Fwp%2Fv2%2Ffolder&post=193"}],"curies":[{"name":"wp","href":"https:\/\/api.w.org\/{rel}","templated":true}]}}