{"id":175,"date":"2023-03-12T19:21:34","date_gmt":"2023-03-12T18:21:34","guid":{"rendered":"http:\/\/127.0.0.1\/wordpress\/?page_id=175"},"modified":"2024-06-23T03:01:32","modified_gmt":"2024-06-23T01:01:32","slug":"ummo","status":"publish","type":"page","link":"https:\/\/ceo-france.fr\/?page_id=175","title":{"rendered":"UMMO"},"content":{"rendered":"\t\t<div data-elementor-type=\"wp-page\" data-elementor-id=\"175\" class=\"elementor elementor-175\" data-elementor-post-type=\"page\">\n\t\t\t\t\t\t<section class=\"elementor-section elementor-top-section elementor-element elementor-element-0c88bd6 elementor-section-boxed elementor-section-height-default elementor-section-height-default\" data-id=\"0c88bd6\" data-element_type=\"section\" data-e-type=\"section\">\n\t\t\t\t\t\t<div class=\"elementor-container elementor-column-gap-default\">\n\t\t\t\t\t<div class=\"elementor-column elementor-col-100 elementor-top-column elementor-element elementor-element-8496a56\" data-id=\"8496a56\" data-element_type=\"column\" data-e-type=\"column\">\n\t\t\t<div class=\"elementor-widget-wrap elementor-element-populated\">\n\t\t\t\t\t\t<div class=\"elementor-element elementor-element-30471b1 elementor-widget elementor-widget-heading\" data-id=\"30471b1\" data-element_type=\"widget\" data-e-type=\"widget\" data-widget_type=\"heading.default\">\n\t\t\t\t<div class=\"elementor-widget-container\">\n\t\t\t\t\t<h2 class=\"elementor-heading-title elementor-size-default\">UMMO, NOTRE ENQU\u00caTE<\/h2>\t\t\t\t<\/div>\n\t\t\t\t<\/div>\n\t\t\t\t\t<\/div>\n\t\t<\/div>\n\t\t\t\t\t<\/div>\n\t\t<\/section>\n\t\t\t\t<section class=\"elementor-section elementor-top-section elementor-element elementor-element-9c8020f elementor-section-boxed elementor-section-height-default elementor-section-height-default\" data-id=\"9c8020f\" data-element_type=\"section\" data-e-type=\"section\" id=\"ummo-enquete\">\n\t\t\t\t\t\t<div class=\"elementor-container elementor-column-gap-default\">\n\t\t\t\t\t<div class=\"elementor-column elementor-col-100 elementor-top-column elementor-element elementor-element-46255c0\" data-id=\"46255c0\" data-element_type=\"column\" data-e-type=\"column\" data-settings=\"{&quot;background_background&quot;:&quot;classic&quot;}\">\n\t\t\t<div class=\"elementor-widget-wrap elementor-element-populated\">\n\t\t\t\t\t\t<section class=\"elementor-section elementor-inner-section elementor-element elementor-element-af9f4d7 elementor-section-boxed elementor-section-height-default elementor-section-height-default\" data-id=\"af9f4d7\" data-element_type=\"section\" data-e-type=\"section\">\n\t\t\t\t\t\t<div class=\"elementor-container elementor-column-gap-default\">\n\t\t\t\t\t<div class=\"elementor-column elementor-col-100 elementor-inner-column elementor-element elementor-element-12d7b6f\" data-id=\"12d7b6f\" data-element_type=\"column\" data-e-type=\"column\">\n\t\t\t<div class=\"elementor-widget-wrap elementor-element-populated\">\n\t\t\t\t\t\t<div class=\"elementor-element elementor-element-979d0e3 elementor-widget__width-initial elementor-widget elementor-widget-text-editor\" data-id=\"979d0e3\" data-element_type=\"widget\" data-e-type=\"widget\" data-widget_type=\"text-editor.default\">\n\t\t\t\t<div class=\"elementor-widget-container\">\n\t\t\t\t\t\t\t\t\t<p>Cette affaire, sujette \u00e0 controverse a longuement d\u00e9fray\u00e9 la chronique en son temps et a non seulement suscit\u00e9 l\u2019attention de la presse dans diff\u00e9rent types de m\u00e9dias, mais aussi excit\u00e9 l\u2019int\u00e9r\u00eat de scientifiques de multiples disciplines dans plusieurs pays.<\/p><p>\u00a0<\/p>\t\t\t\t\t\t\t\t<\/div>\n\t\t\t\t<\/div>\n\t\t\t\t<section class=\"elementor-section elementor-inner-section elementor-element elementor-element-68f587f elementor-section-boxed elementor-section-height-default elementor-section-height-default\" data-id=\"68f587f\" data-element_type=\"section\" data-e-type=\"section\">\n\t\t\t\t\t\t<div class=\"elementor-container elementor-column-gap-default\">\n\t\t\t\t\t<div class=\"elementor-column elementor-col-50 elementor-inner-column elementor-element elementor-element-e43ad2c\" data-id=\"e43ad2c\" data-element_type=\"column\" data-e-type=\"column\">\n\t\t\t<div class=\"elementor-widget-wrap elementor-element-populated\">\n\t\t\t\t\t\t<div class=\"elementor-element elementor-element-4786e7b elementor-widget__width-initial elementor-widget elementor-widget-text-editor\" data-id=\"4786e7b\" data-element_type=\"widget\" data-e-type=\"widget\" data-widget_type=\"text-editor.default\">\n\t\t\t\t<div class=\"elementor-widget-container\">\n\t\t\t\t\t\t\t\t\t<p><strong>GENESE DE L\u2019AFFAIRE UMMO<\/strong><\/p><p>L\u2019affaire UMMO d\u00e9bute en Espagne en 1966 avec des \u00ab r\u00e9v\u00e9lations \u00bb faites par l\u2019interm\u00e9diaire de divers courriers dactylographi\u00e9s et appels t\u00e9l\u00e9phoniques re\u00e7us par un certain nombre de personnes. Ces appels et ces lettres proviendraient d\u2019un groupe d\u2019\u00e9missaires Extraterrestres pr\u00e9sent sur terre qui se nomment Ummites et qui viendraient de la plan\u00e8te UMMO, suppos\u00e9e graviter pr\u00e8s d\u2019une \u00e9toile double nomm\u00e9e <a href=\"https:\/\/ceo-france.fr\/?page_id=1857#wolf-424\" target=\"_blank\" rel=\"noopener\">WOLF 424<\/a>. Ces courriers papier sont flanqu\u00e9s d\u2019une signature ressemblant \u00e0 la lettre Zivete cyrillique :<\/p>\t\t\t\t\t\t\t\t<\/div>\n\t\t\t\t<\/div>\n\t\t\t\t\t<\/div>\n\t\t<\/div>\n\t\t\t\t<div class=\"elementor-column elementor-col-50 elementor-inner-column elementor-element elementor-element-45c906c\" data-id=\"45c906c\" data-element_type=\"column\" data-e-type=\"column\">\n\t\t\t<div class=\"elementor-widget-wrap elementor-element-populated\">\n\t\t\t\t\t\t<div class=\"elementor-element elementor-element-965e652 elementor-widget elementor-widget-image\" data-id=\"965e652\" data-element_type=\"widget\" data-e-type=\"widget\" data-widget_type=\"image.default\">\n\t\t\t\t<div class=\"elementor-widget-container\">\n\t\t\t\t\t\t\t\t\t\t\t\t\t\t\t<img fetchpriority=\"high\" decoding=\"async\" width=\"300\" height=\"227\" src=\"https:\/\/ceo-france.fr\/wp-content\/uploads\/2024\/03\/Simbolo-ummita-300x227.png\" class=\"attachment-medium size-medium wp-image-1847\" alt=\"\" srcset=\"https:\/\/ceo-france.fr\/wp-content\/uploads\/2024\/03\/Simbolo-ummita-300x227.png 300w, https:\/\/ceo-france.fr\/wp-content\/uploads\/2024\/03\/Simbolo-ummita-1024x773.png 1024w, https:\/\/ceo-france.fr\/wp-content\/uploads\/2024\/03\/Simbolo-ummita-768x580.png 768w, https:\/\/ceo-france.fr\/wp-content\/uploads\/2024\/03\/Simbolo-ummita.png 1418w\" sizes=\"(max-width: 300px) 100vw, 300px\" \/>\t\t\t\t\t\t\t\t\t\t\t\t\t\t\t<\/div>\n\t\t\t\t<\/div>\n\t\t\t\t\t<\/div>\n\t\t<\/div>\n\t\t\t\t\t<\/div>\n\t\t<\/section>\n\t\t\t\t\t<\/div>\n\t\t<\/div>\n\t\t\t\t\t<\/div>\n\t\t<\/section>\n\t\t\t\t<section class=\"elementor-section elementor-inner-section elementor-element elementor-element-00d164a elementor-section-boxed elementor-section-height-default elementor-section-height-default\" data-id=\"00d164a\" data-element_type=\"section\" data-e-type=\"section\">\n\t\t\t\t\t\t<div class=\"elementor-container elementor-column-gap-default\">\n\t\t\t\t\t<div class=\"elementor-column elementor-col-50 elementor-inner-column elementor-element elementor-element-3346155\" data-id=\"3346155\" data-element_type=\"column\" data-e-type=\"column\">\n\t\t\t<div class=\"elementor-widget-wrap elementor-element-populated\">\n\t\t\t\t\t\t<div class=\"elementor-element elementor-element-ed25106 elementor-widget__width-initial elementor-widget elementor-widget-text-editor\" data-id=\"ed25106\" data-element_type=\"widget\" data-e-type=\"widget\" data-widget_type=\"text-editor.default\">\n\t\t\t\t<div class=\"elementor-widget-container\">\n\t\t\t\t\t\t\t\t\t<p>Un groupe d\u2019\u00e9sot\u00e9ristes espagnols appel\u00e9 \u00ab le groupe de Madrid \u00bb se r\u00e9unissait \u00e0 \u00ab<a href=\"https:\/\/ceo-france.fr\/?page_id=1857#la-baleine-joyeuse\" target=\"_blank\" rel=\"noopener\">la Baleine Joyeuse<\/a> \u00bb, avec <a href=\"https:\/\/ceo-france.fr\/?page_id=1857#fernando-sesma-manzano\" target=\"_blank\" rel=\"noopener\">Fernando SESMA<\/a> et <a href=\"https:\/\/ceo-france.fr\/?page_id=1857#jose-luis-jordan-pena\" target=\"_blank\" rel=\"noopener\">Jordan PENA<\/a> qui sont les principaux et initiaux r\u00e9cipiendaires de ces communications. Le contenu riche et vari\u00e9 de ces documents envoy\u00e9s par les Ummites est \u00e0 forte valeur scientifique et tout \u00e0 fait digne d\u2019int\u00e9r\u00eat. Ils y d\u00e9crivent leur plan\u00e8te avec sa soci\u00e9t\u00e9, parlent de leurs sciences, philosophies, culture etc. ainsi que leurs interactions avec d\u2019autres populations extraterrestres avec force de d\u00e9tails et illustrations. Devant l\u2019abondance et la qualit\u00e9 de ces courriers, un archivage m\u00e9thodique avec classification a \u00e9t\u00e9 mis en place.<\/p>\t\t\t\t\t\t\t\t<\/div>\n\t\t\t\t<\/div>\n\t\t\t\t\t<\/div>\n\t\t<\/div>\n\t\t\t\t<div class=\"elementor-column elementor-col-50 elementor-inner-column elementor-element elementor-element-61aca07\" data-id=\"61aca07\" data-element_type=\"column\" data-e-type=\"column\">\n\t\t\t<div class=\"elementor-widget-wrap elementor-element-populated\">\n\t\t\t\t\t\t<div class=\"elementor-element elementor-element-065b988 elementor-widget__width-initial elementor-widget elementor-widget-image\" data-id=\"065b988\" data-element_type=\"widget\" data-e-type=\"widget\" data-widget_type=\"image.default\">\n\t\t\t\t<div class=\"elementor-widget-container\">\n\t\t\t\t\t\t\t\t\t\t\t\t\t\t\t<img decoding=\"async\" width=\"300\" height=\"287\" src=\"https:\/\/ceo-france.fr\/wp-content\/uploads\/2024\/03\/Baleine-Joyeuse-Reunion.jpg\" class=\"attachment-medium size-medium wp-image-1844\" alt=\"\" \/>\t\t\t\t\t\t\t\t\t\t\t\t\t\t\t<\/div>\n\t\t\t\t<\/div>\n\t\t\t\t\t<\/div>\n\t\t<\/div>\n\t\t\t\t\t<\/div>\n\t\t<\/section>\n\t\t\t\t<div class=\"elementor-element elementor-element-950a81f elementor-widget elementor-widget-text-editor\" data-id=\"950a81f\" data-element_type=\"widget\" data-e-type=\"widget\" data-widget_type=\"text-editor.default\">\n\t\t\t\t<div class=\"elementor-widget-container\">\n\t\t\t\t\t\t\t\t\t<p>C\u2019est l\u2019ufologue <a href=\"https:\/\/ceo-france.fr\/?page_id=1857#antonio-ribera-jorda\" target=\"_blank\" rel=\"noopener\">Antonio RIBERA<\/a> qui a d\u00e9voil\u00e9 cette affaire \u00e0 la presse et qui a transmis le dossier de ces documents \u00e0 un groupe fran\u00e7ais d\u2019ufologues et de scientifiques dirig\u00e9 par<a href=\"https:\/\/ceo-france.fr\/?page_id=1857#rene-fouere\" target=\"_blank\" rel=\"noopener\"> Ren\u00e9 FOUERE<\/a> qui ont reconnu la valeur scientifique de ces documents.<\/p><p>Nos anciens du CEOF ont eu connaissance des documents Ummites par l\u2019interm\u00e9diaire de <a href=\"https:\/\/ceo-france.fr\/?page_id=1857#jimmy-guieu\" target=\"_blank\" rel=\"noopener\">Jimmy GUIEU<\/a>, c\u00e9l\u00e8bre ufologue et \u00e9crivain. N\u2019ayant pas le temps de s\u2019en occuper, celui-ci confie les documents en espagnol \u00e0 <a href=\"https:\/\/ceo-france.fr\/?page_id=1857#rene-voarino\" target=\"_blank\" rel=\"noopener\">Ren\u00e9 VOARINO<\/a> pr\u00e9sident du CEOF \u00e0 l\u2019\u00e9poque. Celui-ci les a fait traduire en partie et a eu ainsi acc\u00e8s \u00e0 la <a href=\"https:\/\/www.ummo-sciences.org\/fr\/D57-3.htm\" target=\"_blank\" rel=\"noopener\">lettre r\u00e9f\u00e9renc\u00e9e D57<\/a> relative \u00e0 l\u2019atterrissage initial en France en 1950.<\/p><p>A partir de ce texte nous pouvons affirmer que cette affaire a d\u00e9but\u00e9 en France et pas en Espagne. Dans cette m\u00eame lettre, les Ummites d\u00e9clarent \u00eatre arriv\u00e9s le 28 Mars 1950 et que \u00e0 4h16min et 42sec GMT, trois de leurs nefs apparurent subitement en un point situ\u00e9 \u00e0 l\u2019altitude de 7,338 km au-dessus des Alpes de Haute Provence (Basses Alpes \u00e0 l\u2019\u00e9poque) en un lieu situ\u00e9 \u00e0 environ 13 km de Digne et 8 km de La Javie. Ils auraient \u00e9tabli leur refuge dans les alentours de la montagne du Cheval Blanc. De l\u00e0, ils explor\u00e8rent la r\u00e9gion.<\/p><p>Toujours dans la <a href=\"https:\/\/www.ummo-sciences.org\/fr\/D57-3.htm\" target=\"_blank\" rel=\"noopener\">lettre D57<\/a>, ils indiquent qu\u2019ils auraient vol\u00e9 un compteur \u00e9lectrique et divers objets lors d\u2019une exploration, nous y reviendrons un peu plus tard. Ils ont v\u00e9cu un certain temps en France, avant de passer en Espagne.<\/p><p><strong>LES RECHERCHES<\/strong><\/p><p>Le scientifique <a href=\"https:\/\/ceo-france.fr\/?page_id=1857#jean-pierre-petit\" target=\"_blank\" rel=\"noopener\">Jean-Pierre PETIT<\/a> a longuement travaill\u00e9 sur le dossier avec de nombreuses actions sur le terrain. Il affirme avoir effectu\u00e9 une partie de ses recherches gr\u00e2ce \u00e0 des documents Ummites avec notamment des travaux sur la magn\u00e9tohydrodynamique (MHD) et aussi sur les univers G\u00e9mellaires (JCM). Ce sont des travaux \u00e0 haute valeur scientifique, qui lui ont valu des d\u00e9boires apr\u00e8s qu\u2019il eut divulgu\u00e9 la provenance de ses sources. Si vous voulez en savoir plus, il a \u00e9crit de nombreux livres sur ces sujets.<\/p><p>Le CEOF a aussi effectu\u00e9 des recherches et des \u00e9tudes sur les sites indiqu\u00e9s dans les correspondances. Au sujet du compteur \u00e9lectrique cit\u00e9 pr\u00e9c\u00e9demment, le CEOF a cherch\u00e9 des t\u00e9moignages aupr\u00e8s des mairies, des habitants du coin, ainsi que dans la presse locale de l\u2019\u00e9poque et des archives r\u00e9gionales. Toujours dans le cadre de nos enqu\u00eates notre association est all\u00e9 aussi dans les diverses gendarmeries pour rechercher un \u00e9ventuel\u00a0proc\u00e8s-verbal de vol de compteur (et des autres objets d\u00e9rob\u00e9s). M\u00eame si nous n\u2019en avons pas la preuve, nous avons eu connaissance de l\u2019existence d\u2019un tel proc\u00e8s-verbal.<\/p><p>Un de nos membres, chercheur au CNRS a \u00e9tudi\u00e9 entre autres l\u2019aspect astronomique de l\u2019affaire et donc forc\u00e9ment <a href=\"https:\/\/ceo-france.fr\/?page_id=1857#wolf-424\" target=\"_blank\" rel=\"noopener\">WOLF424<\/a>. Selon lui, UMMO ne graviterait pas autour de ce syst\u00e8me stellaire pr\u00e9cis\u00e9ment, mais se trouverait dans la m\u00eame direction.<\/p><p>De nombreuses recherches ont \u00e9t\u00e9 men\u00e9es dans la r\u00e9gion, tant par la gendarmerie que par des scientifiques et des ufologues. Nous savons par exemple que <a href=\"https:\/\/ceo-france.fr\/?page_id=1857#claude-poher\" target=\"_blank\" rel=\"noopener\">Claude POHER<\/a>, scientifique et neveu du s\u00e9nateur, a effectu\u00e9 des recherches avec l\u2019aide et pour le compte de l\u2019arm\u00e9e. La CIA aurait aussi manifest\u00e9 un int\u00e9r\u00eat pour l\u2019affaire (l\u2019op\u00e9ration <a href=\"https:\/\/www.ummo-sciences.org\/fr\/D94.htm\" target=\"_blank\" rel=\"noopener\">Red Castle 883<\/a> cit\u00e9e notamment par <a href=\"https:\/\/ceo-france.fr\/?page_id=1857#jean-pierre-petit\" target=\"_blank\" rel=\"noopener\">JPP<\/a>\u00a0dans\u00a0&#8220;OVNIS et Armes secr\u00e8tes Am\u00e9ricaines&#8221;,\u00a0<span style=\"color: var( --e-global-color-text ); font-family: var( --e-global-typography-text-font-family ), Sans-serif; font-weight: var( --e-global-typography-text-font-weight ); font-size: 1rem;\">Page 85<\/span><span style=\"color: var( --e-global-color-text ); font-family: var( --e-global-typography-text-font-family ), Sans-serif; font-weight: var( --e-global-typography-text-font-weight ); font-size: 1rem;\">).<\/span><\/p><p>Il ne s\u2019agit l\u00e0 que d\u2019une petite partie des recherches effectu\u00e9es par le CEOF (et d\u2019autres), car elles ont \u00e9t\u00e9 nombreuses sur les sites possibles de la partie fran\u00e7aise de l\u2019affaire UMMO avec notamment des exp\u00e9ditions au pic du Cheval Blanc, de la cr\u00eate de La Blache.<\/p><p>La difficult\u00e9 principale dans cette affaire, c\u2019est que les Ummites donnent des informations volontairement incompl\u00e8tes ou erron\u00e9es qui ne permettent pas d\u2019obtenir des r\u00e9sultats rapides. Pour d\u00e9molir cette affaire certains ont affirm\u00e9 entre autres que c\u2019\u00e9tait une manipulation Russe ou am\u00e9ricaine.<\/p><p>Peut-\u00eatre connaissez-vous des chercheurs qui diffusent publiquement les r\u00e9sultats confidentiels de leurs efforts notamment pour \u00e9laborer des machinations, il est difficile que croire que les Ummites en font partie et ce sur une p\u00e9riode de plusieurs d\u00e9cennies\u00a0!<\/p><p><strong>EPILOGUE\u00a0?<\/strong><\/p><p><a href=\"https:\/\/ceo-france.fr\/?page_id=1857#jose-luis-jordan-pena\" target=\"_blank\" rel=\"noopener\">Jordan PENA<\/a>, membre du groupe de Madrid, a fait des r\u00e9tractations sur ses all\u00e9gations en 1993, vraisemblablement suite \u00e0 des pressions. Il aurait reconnu qu\u2019il s\u2019agissait d\u2019une supercherie qu\u2019il aurait poursuivie pendant 25 ans, sauf que cela ne cadre pas avec les r\u00e9sultats de nos recherches, notamment sur la partie fran\u00e7aise ainsi que sur la teneur \u00e0 haute valeur scientifique large et constante dans les courriers.<\/p><p>Un de nos membres habitant sur place, malheureusement d\u00e9c\u00e9d\u00e9 a \u00e9t\u00e9 t\u00e9moin de manifestations d\u2019OVNIs et de ph\u00e9nom\u00e8nes potentiellement li\u00e9s \u00e0 l\u2019affaire Ummo autour de La Javie. Les observations d\u2019OVNI autour de ce point ne sont pas rares m\u00eame de nos jours.<\/p><p>En ce qui concerne nos \u00e9quipes, apr\u00e8s des ann\u00e9es de recherches, d\u2019\u00e9tudes, et d\u2019indices authentifi\u00e9s, nous sommes convaincus de la pertinence de cette affaire malgr\u00e9 quelques zones d\u2019ombre.<\/p>\t\t\t\t\t\t\t\t<\/div>\n\t\t\t\t<\/div>\n\t\t\t\t<section class=\"elementor-section elementor-inner-section elementor-element elementor-element-e120536 elementor-section-boxed elementor-section-height-default elementor-section-height-default\" data-id=\"e120536\" data-element_type=\"section\" data-e-type=\"section\">\n\t\t\t\t\t\t<div class=\"elementor-container elementor-column-gap-default\">\n\t\t\t\t\t<div class=\"elementor-column elementor-col-50 elementor-inner-column elementor-element elementor-element-bc944d1\" data-id=\"bc944d1\" data-element_type=\"column\" data-e-type=\"column\">\n\t\t\t<div class=\"elementor-widget-wrap elementor-element-populated\">\n\t\t\t\t\t\t<div class=\"elementor-element elementor-element-2ba20a3 elementor-widget elementor-widget-image\" data-id=\"2ba20a3\" data-element_type=\"widget\" data-e-type=\"widget\" data-widget_type=\"image.default\">\n\t\t\t\t<div class=\"elementor-widget-container\">\n\t\t\t\t\t\t\t\t\t\t\t\t<figure class=\"wp-caption\">\n\t\t\t\t\t\t\t\t\t\t<img decoding=\"async\" width=\"370\" height=\"279\" src=\"https:\/\/ceo-france.fr\/wp-content\/uploads\/2023\/05\/UMMO-Letter.jpg\" class=\"attachment-large size-large wp-image-1141\" alt=\"\" srcset=\"https:\/\/ceo-france.fr\/wp-content\/uploads\/2023\/05\/UMMO-Letter.jpg 370w, https:\/\/ceo-france.fr\/wp-content\/uploads\/2023\/05\/UMMO-Letter-300x226.jpg 300w\" sizes=\"(max-width: 370px) 100vw, 370px\" \/>\t\t\t\t\t\t\t\t\t\t\t<figcaption class=\"widget-image-caption wp-caption-text\">Un exemple de courrier ummite<\/figcaption>\n\t\t\t\t\t\t\t\t\t\t<\/figure>\n\t\t\t\t\t\t\t\t\t<\/div>\n\t\t\t\t<\/div>\n\t\t\t\t\t<\/div>\n\t\t<\/div>\n\t\t\t\t<div class=\"elementor-column elementor-col-50 elementor-inner-column elementor-element elementor-element-0afb9e6\" data-id=\"0afb9e6\" data-element_type=\"column\" data-e-type=\"column\">\n\t\t\t<div class=\"elementor-widget-wrap elementor-element-populated\">\n\t\t\t\t\t\t<div class=\"elementor-element elementor-element-2f136ae elementor-widget elementor-widget-image\" data-id=\"2f136ae\" data-element_type=\"widget\" data-e-type=\"widget\" data-widget_type=\"image.default\">\n\t\t\t\t<div class=\"elementor-widget-container\">\n\t\t\t\t\t\t\t\t\t\t\t\t<figure class=\"wp-caption\">\n\t\t\t\t\t\t\t\t\t\t<img decoding=\"async\" src=\"https:\/\/ceo-france.fr\/wp-content\/uploads\/elementor\/thumbs\/UMMO-Saucer-q6tarph1n0dkjxf7jqq8wd4k4sfluqelcza8if8okc.jpg\" title=\"UMMO-Saucer\" alt=\"UMMO-Saucer\" loading=\"lazy\" \/>\t\t\t\t\t\t\t\t\t\t\t<figcaption class=\"widget-image-caption wp-caption-text\">Une des photos prises \u00e0 San Jos\u00e9 de Valderas (1967) <\/figcaption>\n\t\t\t\t\t\t\t\t\t\t<\/figure>\n\t\t\t\t\t\t\t\t\t<\/div>\n\t\t\t\t<\/div>\n\t\t\t\t\t<\/div>\n\t\t<\/div>\n\t\t\t\t\t<\/div>\n\t\t<\/section>\n\t\t\t\t\t<\/div>\n\t\t<\/div>\n\t\t\t\t\t<\/div>\n\t\t<\/section>\n\t\t\t\t<section class=\"elementor-section elementor-top-section elementor-element elementor-element-963fb64 elementor-section-boxed elementor-section-height-default elementor-section-height-default\" data-id=\"963fb64\" data-element_type=\"section\" data-e-type=\"section\">\n\t\t\t\t\t\t<div class=\"elementor-container elementor-column-gap-default\">\n\t\t\t\t\t<div class=\"elementor-column elementor-col-100 elementor-top-column elementor-element elementor-element-b749ea9\" data-id=\"b749ea9\" data-element_type=\"column\" data-e-type=\"column\">\n\t\t\t<div class=\"elementor-widget-wrap elementor-element-populated\">\n\t\t\t\t\t\t<div class=\"elementor-element elementor-element-67afb33 elementor-widget__width-initial elementor-widget elementor-widget-text-editor\" data-id=\"67afb33\" data-element_type=\"widget\" data-e-type=\"widget\" data-widget_type=\"text-editor.default\">\n\t\t\t\t<div class=\"elementor-widget-container\">\n\t\t\t\t\t\t\t\t\t<p><strong>LIENS:<\/strong><\/p>\n<p><span style=\"color: #ffffff;\"><a style=\"color: #ffffff;\" href=\"http:\/\/www.ummo-sciences.org\/index.htm#gsc.tab=0\" target=\"_blank\" rel=\"noopener\">&nbsp; Site Ummo-Sciences &#8211; Toutes les lettres ummites connues<\/a><\/span><\/p>\n<p><span style=\"color: #ffffff;\"><a style=\"color: #ffffff;\" href=\"http:\/\/cfparanormal.blogspot.com\/2017\/01\/laffaire-ummo.html\" target=\"_blank\" rel=\"noopener\">&nbsp; L&#8217;affaire Ummo &#8211; Communaut\u00e9 Francophone Paranormal (cfparanormal.blogspot.com)<\/a><\/span><\/p>\t\t\t\t\t\t\t\t<\/div>\n\t\t\t\t<\/div>\n\t\t\t\t\t<\/div>\n\t\t<\/div>\n\t\t\t\t\t<\/div>\n\t\t<\/section>\n\t\t\t\t<\/div>\n\t\t","protected":false},"excerpt":{"rendered":"<p>UMMO, NOTRE ENQU\u00caTE Cette affaire, sujette \u00e0 controverse a longuement d\u00e9fray\u00e9 la chronique en son temps et a non seulement suscit\u00e9 l\u2019attention de la presse dans diff\u00e9rent types de m\u00e9dias, [&hellip;]<\/p>\n","protected":false},"author":1,"featured_media":0,"parent":0,"menu_order":0,"comment_status":"closed","ping_status":"closed","template":"","meta":{"footnotes":""},"folder":[28],"class_list":["post-175","page","type-page","status-publish","hentry"],"_links":{"self":[{"href":"https:\/\/ceo-france.fr\/index.php?rest_route=\/wp\/v2\/pages\/175","targetHints":{"allow":["GET"]}}],"collection":[{"href":"https:\/\/ceo-france.fr\/index.php?rest_route=\/wp\/v2\/pages"}],"about":[{"href":"https:\/\/ceo-france.fr\/index.php?rest_route=\/wp\/v2\/types\/page"}],"author":[{"embeddable":true,"href":"https:\/\/ceo-france.fr\/index.php?rest_route=\/wp\/v2\/users\/1"}],"replies":[{"embeddable":true,"href":"https:\/\/ceo-france.fr\/index.php?rest_route=%2Fwp%2Fv2%2Fcomments&post=175"}],"version-history":[{"count":130,"href":"https:\/\/ceo-france.fr\/index.php?rest_route=\/wp\/v2\/pages\/175\/revisions"}],"predecessor-version":[{"id":2119,"href":"https:\/\/ceo-france.fr\/index.php?rest_route=\/wp\/v2\/pages\/175\/revisions\/2119"}],"wp:attachment":[{"href":"https:\/\/ceo-france.fr\/index.php?rest_route=%2Fwp%2Fv2%2Fmedia&parent=175"}],"wp:term":[{"taxonomy":"folder","embeddable":true,"href":"https:\/\/ceo-france.fr\/index.php?rest_route=%2Fwp%2Fv2%2Ffolder&post=175"}],"curies":[{"name":"wp","href":"https:\/\/api.w.org\/{rel}","templated":true}]}}