{"id":1334,"date":"2024-07-18T23:29:10","date_gmt":"2024-07-18T21:29:10","guid":{"rendered":"https:\/\/ceo-france.fr\/?page_id=1334"},"modified":"2024-08-02T18:17:49","modified_gmt":"2024-08-02T16:17:49","slug":"actualites-du-ceof","status":"publish","type":"page","link":"https:\/\/ceo-france.fr\/?page_id=1334","title":{"rendered":"ACTUALITES DU CEOF"},"content":{"rendered":"\t\t<div data-elementor-type=\"wp-page\" data-elementor-id=\"1334\" class=\"elementor elementor-1334\" data-elementor-post-type=\"page\">\n\t\t\t\t\t\t<section class=\"elementor-section elementor-top-section elementor-element elementor-element-5adbf6b elementor-section-boxed elementor-section-height-default elementor-section-height-default\" data-id=\"5adbf6b\" data-element_type=\"section\" data-e-type=\"section\">\n\t\t\t\t\t\t<div class=\"elementor-container elementor-column-gap-default\">\n\t\t\t\t\t<div class=\"elementor-column elementor-col-100 elementor-top-column elementor-element elementor-element-201c504\" data-id=\"201c504\" data-element_type=\"column\" data-e-type=\"column\">\n\t\t\t<div class=\"elementor-widget-wrap elementor-element-populated\">\n\t\t\t\t\t\t<div class=\"elementor-element elementor-element-29c8bc6 elementor-widget elementor-widget-heading\" data-id=\"29c8bc6\" data-element_type=\"widget\" data-e-type=\"widget\" data-widget_type=\"heading.default\">\n\t\t\t\t<div class=\"elementor-widget-container\">\n\t\t\t\t\t<h1 class=\"elementor-heading-title elementor-size-large\">ACTUALITES DU CEOF<\/h1>\t\t\t\t<\/div>\n\t\t\t\t<\/div>\n\t\t\t\t\t<\/div>\n\t\t<\/div>\n\t\t\t\t\t<\/div>\n\t\t<\/section>\n\t\t\t\t<section class=\"elementor-section elementor-top-section elementor-element elementor-element-46067e9 elementor-section-boxed elementor-section-height-default elementor-section-height-default\" data-id=\"46067e9\" data-element_type=\"section\" data-e-type=\"section\">\n\t\t\t\t\t\t<div class=\"elementor-container elementor-column-gap-default\">\n\t\t\t\t\t<div class=\"elementor-column elementor-col-100 elementor-top-column elementor-element elementor-element-02e437e\" data-id=\"02e437e\" data-element_type=\"column\" data-e-type=\"column\">\n\t\t\t<div class=\"elementor-widget-wrap elementor-element-populated\">\n\t\t\t\t\t\t<div class=\"elementor-element elementor-element-8649d21 elementor-grid-eael-col-1 elementor-grid-tablet-eael-col-2 elementor-grid-mobile-eael-col-1 elementor-widget elementor-widget-eael-post-grid\" data-id=\"8649d21\" data-element_type=\"widget\" data-e-type=\"widget\" data-settings=\"{&quot;eael_post_grid_columns&quot;:&quot;eael-col-1&quot;,&quot;motion_fx_motion_fx_mouse&quot;:&quot;yes&quot;,&quot;_animation&quot;:&quot;none&quot;,&quot;eael_post_grid_columns_tablet&quot;:&quot;eael-col-2&quot;,&quot;eael_post_grid_columns_mobile&quot;:&quot;eael-col-1&quot;}\" data-widget_type=\"eael-post-grid.default\">\n\t\t\t\t<div class=\"elementor-widget-container\">\n\t\t\t\t\t<div id=\"eael-post-grid-8649d21\" class=\"eael-post-grid-container\">\n            <div class=\"eael-post-grid eael-post-appender eael-post-appender-8649d21 eael-post-grid-style-one\" data-layout-mode=\"grid\"><article class=\"eael-grid-post  eael-post-grid-column eael-pg-post-2373 category-actu-ceof\" data-id=\"2373\">\n        <div class=\"eael-grid-post-holder\">\n            <div class=\"eael-grid-post-holder-inner\"><div class=\"eael-entry-wrapper\"><div class=\"eael-entry-content\">\n                        <div class=\"eael-grid-post-excerpt\"><p>Sortie Mus\u00e9e des cagots, Rennes le Ch\u00e2teau, Bugarach du 23 au 27 juillet 2024. Plusieurs documents et conf\u00e9rences font \u00e9tat d\u2019un lien possible entre le ph\u00e9nom\u00e8ne OVNI et les cagots. [&hellip;]<\/p><a href=\"https:\/\/ceo-france.fr\/?p=2373\" class=\"eael-post-elements-readmore-btn\">LIRE LA SUITE...<\/a><\/div>\n                    <\/div><\/div><\/div>\n        <\/div>\n    <\/article><article class=\"eael-grid-post  eael-post-grid-column eael-pg-post-2367 category-actu-ceof\" data-id=\"2367\">\n        <div class=\"eael-grid-post-holder\">\n            <div class=\"eael-grid-post-holder-inner\"><div class=\"eael-entry-wrapper\"><div class=\"eael-entry-content\">\n                        <div class=\"eael-grid-post-excerpt\"><p>Sortie Exposition Maurice Masse et l\u2019OVNI \u00e0 Valensole le 19 juillet 2024 Comme tous les ans, l\u2019Association M\u00e9moire vivante de Valensole a pr\u00e9sent\u00e9 son exposition d\u00e9di\u00e9e \u00e0 Maurice Masse. Le [&hellip;]<\/p><a href=\"https:\/\/ceo-france.fr\/?p=2367\" class=\"eael-post-elements-readmore-btn\">LIRE LA SUITE...<\/a><\/div>\n                    <\/div><\/div><\/div>\n        <\/div>\n    <\/article><article class=\"eael-grid-post  eael-post-grid-column eael-pg-post-2360 category-actu-ceof\" data-id=\"2360\">\n        <div class=\"eael-grid-post-holder\">\n            <div class=\"eael-grid-post-holder-inner\"><div class=\"eael-entry-wrapper\"><div class=\"eael-entry-content\">\n                        <div class=\"eael-grid-post-excerpt\"><p>Sortie aux 3 \u00e9v\u00each\u00e9s dans le Var le samedi 15 juin 2024 Un petit comit\u00e9 d\u2019une douzaine de membres \u00e9taient pr\u00e9sents pour cette sortie tant attendue. Au programme, la recherche [&hellip;]<\/p><a href=\"https:\/\/ceo-france.fr\/?p=2360\" class=\"eael-post-elements-readmore-btn\">LIRE LA SUITE...<\/a><\/div>\n                    <\/div><\/div><\/div>\n        <\/div>\n    <\/article><article class=\"eael-grid-post  eael-post-grid-column eael-pg-post-2345 category-actu-ceof\" data-id=\"2345\">\n        <div class=\"eael-grid-post-holder\">\n            <div class=\"eael-grid-post-holder-inner\"><div class=\"eael-entry-wrapper\"><div class=\"eael-entry-content\">\n                        <div class=\"eael-grid-post-excerpt\"><p>Repas \u00e0 la Penne-sur-Huveaune le vendredi 12 avril 2024 Nos amis Pascal P. et Michel D. membres du CEOF ont organis\u00e9 un repas offert \u00e0 tous les membres dans un [&hellip;]<\/p><a href=\"https:\/\/ceo-france.fr\/?p=2345\" class=\"eael-post-elements-readmore-btn\">LIRE LA SUITE...<\/a><\/div>\n                    <\/div><\/div><\/div>\n        <\/div>\n    <\/article><article class=\"eael-grid-post  eael-post-grid-column eael-pg-post-2338 category-actu-ceof\" data-id=\"2338\">\n        <div class=\"eael-grid-post-holder\">\n            <div class=\"eael-grid-post-holder-inner\"><div class=\"eael-entry-wrapper\"><div class=\"eael-entry-content\">\n                        <div class=\"eael-grid-post-excerpt\"><p>Salon de l&#8217;ufologie Marignane le 6 avril 2024 Participation de l\u2019\u00e9quipe du CEOF lors de cette tr\u00e8s sympathique manifestation organis\u00e9e par le Service Culturel de la Mairie de Marignane. Nous [&hellip;]<\/p><a href=\"https:\/\/ceo-france.fr\/?p=2338\" class=\"eael-post-elements-readmore-btn\">LIRE LA SUITE...<\/a><\/div>\n                    <\/div><\/div><\/div>\n        <\/div>\n    <\/article><\/div>\n            <div class=\"clearfix\"><\/div>\n        <\/div>\t\t\t\t<\/div>\n\t\t\t\t<\/div>\n\t\t\t\t\t<\/div>\n\t\t<\/div>\n\t\t\t\t\t<\/div>\n\t\t<\/section>\n\t\t\t\t<\/div>\n\t\t","protected":false},"excerpt":{"rendered":"<p>ACTUALITES DU CEOF TEST DU PREMIER ARTICLE R\u00e9my Fauchereau, membre du CEOF, continue son travail d&#8217;enregistrement des \u00e9v\u00e8nements OVNI dans l&#8217;Yonne. \u00c0 chaque publication, de nouveaux t\u00e9moins acceptent de r\u00e9v\u00e9ler [&hellip;]<\/p>\n","protected":false},"author":1,"featured_media":0,"parent":0,"menu_order":0,"comment_status":"closed","ping_status":"closed","template":"","meta":{"footnotes":""},"folder":[28],"class_list":["post-1334","page","type-page","status-publish","hentry"],"_links":{"self":[{"href":"https:\/\/ceo-france.fr\/index.php?rest_route=\/wp\/v2\/pages\/1334","targetHints":{"allow":["GET"]}}],"collection":[{"href":"https:\/\/ceo-france.fr\/index.php?rest_route=\/wp\/v2\/pages"}],"about":[{"href":"https:\/\/ceo-france.fr\/index.php?rest_route=\/wp\/v2\/types\/page"}],"author":[{"embeddable":true,"href":"https:\/\/ceo-france.fr\/index.php?rest_route=\/wp\/v2\/users\/1"}],"replies":[{"embeddable":true,"href":"https:\/\/ceo-france.fr\/index.php?rest_route=%2Fwp%2Fv2%2Fcomments&post=1334"}],"version-history":[{"count":31,"href":"https:\/\/ceo-france.fr\/index.php?rest_route=\/wp\/v2\/pages\/1334\/revisions"}],"predecessor-version":[{"id":2298,"href":"https:\/\/ceo-france.fr\/index.php?rest_route=\/wp\/v2\/pages\/1334\/revisions\/2298"}],"wp:attachment":[{"href":"https:\/\/ceo-france.fr\/index.php?rest_route=%2Fwp%2Fv2%2Fmedia&parent=1334"}],"wp:term":[{"taxonomy":"folder","embeddable":true,"href":"https:\/\/ceo-france.fr\/index.php?rest_route=%2Fwp%2Fv2%2Ffolder&post=1334"}],"curies":[{"name":"wp","href":"https:\/\/api.w.org\/{rel}","templated":true}]}}