{"id":114,"date":"2023-03-11T22:47:30","date_gmt":"2023-03-11T21:47:30","guid":{"rendered":"http:\/\/127.0.0.1\/wordpress\/?page_id=114"},"modified":"2024-06-23T03:13:30","modified_gmt":"2024-06-23T01:13:30","slug":"articles1","status":"publish","type":"page","link":"https:\/\/ceo-france.fr\/?page_id=114","title":{"rendered":"Articles1"},"content":{"rendered":"\t\t<div data-elementor-type=\"wp-page\" data-elementor-id=\"114\" class=\"elementor elementor-114\" data-elementor-post-type=\"page\">\n\t\t\t\t\t\t<section class=\"elementor-section elementor-top-section elementor-element elementor-element-2bdd1b5 elementor-section-boxed elementor-section-height-default elementor-section-height-default\" data-id=\"2bdd1b5\" data-element_type=\"section\" data-e-type=\"section\">\n\t\t\t\t\t\t<div class=\"elementor-container elementor-column-gap-default\">\n\t\t\t\t\t<div class=\"elementor-column elementor-col-100 elementor-top-column elementor-element elementor-element-f29228e\" data-id=\"f29228e\" data-element_type=\"column\" data-e-type=\"column\">\n\t\t\t<div class=\"elementor-widget-wrap elementor-element-populated\">\n\t\t\t\t\t\t<div class=\"elementor-element elementor-element-78cbc4a elementor-widget elementor-widget-heading\" data-id=\"78cbc4a\" data-element_type=\"widget\" data-e-type=\"widget\" data-widget_type=\"heading.default\">\n\t\t\t\t<div class=\"elementor-widget-container\">\n\t\t\t\t\t<h1 class=\"elementor-heading-title elementor-size-large\">ARTICLES<br><\/h1>\t\t\t\t<\/div>\n\t\t\t\t<\/div>\n\t\t\t\t\t<\/div>\n\t\t<\/div>\n\t\t\t\t\t<\/div>\n\t\t<\/section>\n\t\t\t\t<section class=\"elementor-section elementor-top-section elementor-element elementor-element-370d12e elementor-section-boxed elementor-section-height-default elementor-section-height-default\" data-id=\"370d12e\" data-element_type=\"section\" data-e-type=\"section\">\n\t\t\t\t\t\t<div class=\"elementor-container elementor-column-gap-default\">\n\t\t\t\t\t<div class=\"elementor-column elementor-col-100 elementor-top-column elementor-element elementor-element-9061290\" data-id=\"9061290\" data-element_type=\"column\" data-e-type=\"column\" data-settings=\"{&quot;background_background&quot;:&quot;classic&quot;}\">\n\t\t\t<div class=\"elementor-widget-wrap elementor-element-populated\">\n\t\t\t\t\t\t<div class=\"elementor-element elementor-element-e124394 elementor-widget elementor-widget-heading\" data-id=\"e124394\" data-element_type=\"widget\" data-e-type=\"widget\" data-widget_type=\"heading.default\">\n\t\t\t\t<div class=\"elementor-widget-container\">\n\t\t\t\t\t<h2 class=\"elementor-heading-title elementor-size-default\">R\u00e9flexion sur un ph\u00e9nom\u00e8ne (extrait)<br>par Brian JEFFERY<br><\/h2>\t\t\t\t<\/div>\n\t\t\t\t<\/div>\n\t\t\t\t<section class=\"elementor-section elementor-inner-section elementor-element elementor-element-c7c7cbf elementor-section-boxed elementor-section-height-default elementor-section-height-default\" data-id=\"c7c7cbf\" data-element_type=\"section\" data-e-type=\"section\">\n\t\t\t\t\t\t<div class=\"elementor-container elementor-column-gap-default\">\n\t\t\t\t\t<div class=\"elementor-column elementor-col-100 elementor-inner-column elementor-element elementor-element-2884505\" data-id=\"2884505\" data-element_type=\"column\" data-e-type=\"column\">\n\t\t\t<div class=\"elementor-widget-wrap elementor-element-populated\">\n\t\t\t\t\t\t<div class=\"elementor-element elementor-element-7683500 elementor-widget elementor-widget-text-editor\" data-id=\"7683500\" data-element_type=\"widget\" data-e-type=\"widget\" data-widget_type=\"text-editor.default\">\n\t\t\t\t<div class=\"elementor-widget-container\">\n\t\t\t\t\t\t\t\t\t<p dir=\"LTR\" align=\"JUSTIFY\">Le ph\u00e9nom\u00e8ne OVNI nie toute loi physique. Il n\u2019est sujet \u00e0 aucune loi faisant partie de notre acquis scientifique et de nos structures mentales.<br \/>Face \u00e0 un ph\u00e9nom\u00e8ne qui menace de bouleverser tout notre sch\u00e9ma psychologique de l\u2019Univers, nous essayons de le &#8220;classifier&#8221; dans des termes que nous comprenons : O.V.N.I, extraterrestre, astronomie &#8230;<\/p><p dir=\"LTR\" align=\"JUSTIFY\">Le ph\u00e9nom\u00e8ne est Intelligent\u3000:<\/p><p dir=\"LTR\" align=\"JUSTIFY\"><u>ce que &#8220;ne veut pas&#8221; le\u00a0 ph\u00e9nom\u00e8ne, semble\u2013t-il, il ne le fait pas.<\/u><\/p><p dir=\"LTR\" align=\"JUSTIFY\">Le ph\u00e9nom\u00e8ne est souvent illogique, impr\u00e9visible, absurde, c\u2019est-\u00e0-dire qu\u2019il permet trop facilement \u00e0 nos esprits de se r\u00e9fugier dans une attitude de scepticisme, d\u2019ironie ou de mysticisme vague et optimiste.\u00a0<u>Ce qui est \u00e9videmment voulu par le ph\u00e9nom\u00e8ne.<\/u><\/p><p dir=\"LTR\" align=\"JUSTIFY\">Le ph\u00e9nom\u00e8ne se manifestant d\u2019une mani\u00e8re absurde, contient un pi\u00e8ge destin\u00e9 \u00e0 tout esprit qui se pose trop de questions \u00e0 son sujet.<\/p><p dir=\"LTR\" align=\"JUSTIFY\">Deux faits sont \u00e0 constater\u3000:<\/p><ul><li>Le ph\u00e9nom\u00e8ne existe, ce que nous d\u00e9montre l\u2019\u00e9vidence<\/li><\/ul><ul><li>Le ph\u00e9nom\u00e8ne se manifeste d\u2019une mani\u00e8re absurde qui emp\u00eache toute classification susceptible de nous permettre une compr\u00e9hension r\u00e9elle et objective. (Il est discret, furtif, brouill\u00e9.)<\/li><\/ul><p>Les manifestations du ph\u00e9nom\u00e8ne d\u00e9montrent de sa part\u00a0<u>un contr\u00f4le et une manipulation totale de la mati\u00e8re et de l\u2019\u00e9nergie<\/u>, donc la distance n\u2019a aucune signification pour ce ph\u00e9nom\u00e8ne, et dans ce cas, l\u2019hypoth\u00e8se des extraterrestres ne veut plus rien dire.<\/p><p dir=\"LTR\" align=\"JUSTIFY\">Quelque chose est cr\u00e9e, d\u00e9sint\u00e9gr\u00e9, transmis et r\u00e9int\u00e9gr\u00e9.<\/p><p dir=\"LTR\" align=\"JUSTIFY\">Constatons le : l\u2019Intelligence ou les Intelligences contr\u00f4lant les OVNI ont <u>maitris\u00e9 l\u2019espace et probablement aussi le temps.<\/u>\u00a0Dans ce contexte, les distances ne signifient plus rien.<\/p><p dir=\"LTR\" align=\"JUSTIFY\">Des \u00eatres qui peuvent changer de formes quand ils le veulent et comme ils le veulent,<\/p><p dir=\"LTR\" align=\"JUSTIFY\">des \u00eatres capricieux\u2026 touche t-on au folklore\u3000?<\/p><p dir=\"LTR\" align=\"JUSTIFY\">Il semble que oui. La multiplicit\u00e9 des contextes o\u00f9 se manifestent ces \u00eatres est peut \u00eatre une des clefs du probl\u00e8me. Le ph\u00e9nom\u00e8ne change non seulement son apparence technique, mais aussi son contexte d\u2019apr\u00e8s les circonstances.<\/p><p dir=\"LTR\" align=\"JUSTIFY\">Depuis l\u2019observation de Kenneth Arnold en 1947, aux Etats Unis, le ph\u00e9nom\u00e8ne a manifestement chang\u00e9 de forme : il s\u2019agit maintenant d\u2019extraterrestres et de soucoupes volantes.<\/p><p dir=\"LTR\" align=\"JUSTIFY\">Encore une fois en nous proposant une explication simple, le ph\u00e9nom\u00e8ne SE CACHE.<\/p><p dir=\"LTR\" align=\"JUSTIFY\">Il faut en \u00eatre conscient : <u>le ph\u00e9nom\u00e8ne est en contact subtil avec nous<\/u>, peut \u00eatre m\u00eame\u00a0<u>nous manipule<\/u>\u00a0t- il et il NOUS MENT.<\/p><p dir=\"LTR\" align=\"JUSTIFY\">L\u2019Humanit\u00e9 existe dans une bande tr\u00e8s &#8220;born\u00e9e&#8221; du spectre \u00e9lectromagn\u00e9tique.<\/p><p dir=\"LTR\" align=\"JUSTIFY\">Elle n\u2019entend ni ne voit pas grand-chose. Ses perceptions sont \u00e9troitement d\u00e9limit\u00e9es. In\u00e9vitablement ses conceptions sont \u00e9galement born\u00e9es. Pour interpr\u00e9ter l\u2019Univers, elle ne peut que projeter \u00e0 ce sujet une s\u00e9rie d\u2019hypoth\u00e8ses et de th\u00e9ories manifestement incompl\u00e8tes et inad\u00e9quates.<\/p><p dir=\"LTR\" align=\"JUSTIFY\">Notre image de l&#8217;Univers physique \u00e0 trois dimensions nous contient et nous borne aussi efficacement que l\u2019ancienne orthodoxie d\u2019une Terre &#8220;plate&#8221;.<\/p><p dir=\"LTR\" align=\"JUSTIFY\">Et s\u2019il y avait un spectre de r\u00e9alit\u00e9 dont nous ne pourrions percevoir et concevoir qu\u2019une bande de formes limit\u00e9es ? On se trouve face \u00e0 une possibilit\u00e9 plus bouleversante m\u00eame que celle de visiteurs extraterrestres : <u>celle d\u2019une multiplicit\u00e9 d\u2019univers<\/u>, et d\u2019une intrusion dans le NOTRE d\u2019une intelligence ou d\u2019intelligences aux capacit\u00e9s &#8220;magiques&#8221; pour nous, des &#8220;ULTRA-TERRESTRES&#8221; pour qui les questions d\u2019espace et de temps (et de mati\u00e8re !) sont enti\u00e8rement HORS DE PROPOS\u2026<\/p>\t\t\t\t\t\t\t\t<\/div>\n\t\t\t\t<\/div>\n\t\t\t\t\t<\/div>\n\t\t<\/div>\n\t\t\t\t\t<\/div>\n\t\t<\/section>\n\t\t\t\t\t<\/div>\n\t\t<\/div>\n\t\t\t\t\t<\/div>\n\t\t<\/section>\n\t\t\t\t<section class=\"elementor-section elementor-top-section elementor-element elementor-element-d53a361 elementor-section-boxed elementor-section-height-default elementor-section-height-default\" data-id=\"d53a361\" data-element_type=\"section\" data-e-type=\"section\">\n\t\t\t\t\t\t<div class=\"elementor-container elementor-column-gap-default\">\n\t\t\t\t\t<div class=\"elementor-column elementor-col-100 elementor-top-column elementor-element elementor-element-2224dec\" data-id=\"2224dec\" data-element_type=\"column\" data-e-type=\"column\" data-settings=\"{&quot;background_background&quot;:&quot;classic&quot;}\">\n\t\t\t<div class=\"elementor-widget-wrap elementor-element-populated\">\n\t\t\t\t\t\t<div class=\"elementor-element elementor-element-69ee653 elementor-widget elementor-widget-heading\" data-id=\"69ee653\" data-element_type=\"widget\" data-e-type=\"widget\" data-widget_type=\"heading.default\">\n\t\t\t\t<div class=\"elementor-widget-container\">\n\t\t\t\t\t<h2 class=\"elementor-heading-title elementor-size-default\">LE MANIFESTE POUR LA DIVULGATION<\/h2>\t\t\t\t<\/div>\n\t\t\t\t<\/div>\n\t\t\t\t<section class=\"elementor-section elementor-inner-section elementor-element elementor-element-e25e2b5 elementor-section-boxed elementor-section-height-default elementor-section-height-default\" data-id=\"e25e2b5\" data-element_type=\"section\" data-e-type=\"section\">\n\t\t\t\t\t\t<div class=\"elementor-container elementor-column-gap-default\">\n\t\t\t\t\t<div class=\"elementor-column elementor-col-100 elementor-inner-column elementor-element elementor-element-ae916e4\" data-id=\"ae916e4\" data-element_type=\"column\" data-e-type=\"column\">\n\t\t\t<div class=\"elementor-widget-wrap elementor-element-populated\">\n\t\t\t\t\t\t<div class=\"elementor-element elementor-element-e0d68b5 elementor-widget elementor-widget-text-editor\" data-id=\"e0d68b5\" data-element_type=\"widget\" data-e-type=\"widget\" data-widget_type=\"text-editor.default\">\n\t\t\t\t<div class=\"elementor-widget-container\">\n\t\t\t\t\t\t\t\t\t<p>Nous savons, sans aucun doute, que notre plan\u00e8te est contact\u00e9e par des civilisations d&#8217;un autre monde, extraterrestre ou extradimensionel.<\/p><p><em>Nous d\u00e9fendons ce qui suit :<\/em><\/p><p><em>N<\/em>ous ne soutenons ni un embargo sur la v\u00e9rit\u00e9 impos\u00e9 par les gouvernements, la presse et les m\u00e9dias, ni l&#8217;\u00e9tablissement scientifique. Nous savons que de vastes preuves sont syst\u00e9matiquement ignor\u00e9es ou dissimul\u00e9es par ces organisations.<\/p><ol><li>Nous ne croyons pas qu&#8217;il y ait eu des efforts pour contacter les civilisations hors monde (le SETI) qui n&#8217;aient donn\u00e9 aucun r\u00e9sultat. Nous n&#8217;acceptons pas que nos agences spatiales, comme la NASA, ignorent ces rencontres avec les civilisations hors du monde.<\/li><li>Nous n&#8217;acceptons pas des arguments sugg\u00e9rant qu&#8217;il n&#8217;y a pas de preuve de cette actvit\u00e9, et nous n&#8217;acceptons pas le ridicule ou la stigmatisation lorsque nous abordons ces sujets s\u00e9rieux.<\/li><li>Nous sommes convaincus que notre plan\u00e8te et nos civilisations ont \u00e9t\u00e9 contact\u00e9es par des civilisations hors monde pendant des mill\u00e9naires. Nous acceptons l&#8217;hypoth\u00e8se extraterrestre comme \u00e9tant valable dans de nombreux cas et lorsque nous prenons en consid\u00e9ration les explications terrestres, nous ne privil\u00e9gions pas uniquement les hypoth\u00e8ses terrestres.<\/li><li>Nous savons que divers gouvernements, militaires et autres organisations ont eu des exp\u00e9riences de contact qu&#8221;elles ont \u00e9t\u00e9 voil\u00e9es par le secret. Nous savons que les organismes gouvernementaux (comme la CIA), les lanceurs d&#8217;alertes et les fuites ont r\u00e9v\u00e9l\u00e9s des efforts r\u00e9cents pour divulger la pr\u00e9sence d&#8217;autres mondes, mais depuis toujours, aucune autorit\u00e9 mondiale n&#8217;a donn\u00e9 de confirmation. Cela doit changer.<\/li><li>Nous comprenons que nos visiteurs d&#8217;autres mondes proviennent de nombreux syst\u00e8mes d&#8217;\u00e9toiles avec de nombreuses races et que nos exp\u00e9riences de contact avec ces &#8220;autres&#8221; ont \u00e9t\u00e9 \u00e0 la fois n\u00e9gatives et extr\u00eamement positives. Nous savons que divulger la pr\u00e9sence d&#8217;intelligences ext\u00e9rieures \u00e0 notre plan\u00e8te et \u00e0 notre civilisation pourrait signifier un bond en avant pour l&#8217;humanit\u00e9. Ceci est possible et souhaitable.<\/li><li>Nous sommes conscients qui&#8217;il existe de nombreuses technologies non reconnues et des technologies cach\u00e9es qio ont \u00e9t\u00e9 r\u00e9v\u00e9l\u00e9es par ces interactions avec les visiteurs d&#8217;autres mondes et nous savons que certaines (par exemple, l&#8217;\u00e9nergie libre) pourraient fortement acc\u00e9lerer le progr\u00e8s humain. Nous proclamons que la v\u00e9rit\u00e9 et la transparence des gouvernements sont essentielles au succ\u00e8s de toute d\u00e9mocratie et que nous avons le droit de conna\u00eetre la v\u00e9rit\u00e9 sur ces visiteurs d&#8217;autres mondes.<\/li><li>Nous croyons q&#8217;un contact ouvert et positif avec nos voisins d&#8217;autres mondes est imminent et que l&#8217;humanit\u00e9 doit \u00eatre pr\u00e9par\u00e9e \u00e0 apprendre que nous ne sommes ps seuls dans le cosmos.<\/li><li>Nous soutenons la divulgation de la v\u00e9rit\u00e9, sans d\u00e9sinformation ni agendas cach\u00e9s du gouvernement, de la presse, des m\u00e9dias et de la science.<\/li><li>Nous savons que de vastes quantit\u00e9s d&#8217;informations et de preuves sont d\u00e9lib\u00e9r\u00e9ment gard\u00e9es en secret et prennent la forme d&#8217;un embargo sur la v\u00e9rit\u00e9 en ce qui concerne la pr\u00e9sence de civilisations d&#8217;autres mondes. Nous m\u00e9ritons de conna\u00eetre la v\u00e9rit\u00e9 et de comprendre ce qu&#8217;elle implique.<\/li><\/ol>\t\t\t\t\t\t\t\t<\/div>\n\t\t\t\t<\/div>\n\t\t\t\t\t<\/div>\n\t\t<\/div>\n\t\t\t\t\t<\/div>\n\t\t<\/section>\n\t\t\t\t\t<\/div>\n\t\t<\/div>\n\t\t\t\t\t<\/div>\n\t\t<\/section>\n\t\t\t\t<\/div>\n\t\t","protected":false},"excerpt":{"rendered":"<p>ARTICLES R\u00e9flexion sur un ph\u00e9nom\u00e8ne (extrait)par Brian JEFFERY Le ph\u00e9nom\u00e8ne OVNI nie toute loi physique. Il n\u2019est sujet \u00e0 aucune loi faisant partie de notre acquis scientifique et de nos [&hellip;]<\/p>\n","protected":false},"author":1,"featured_media":0,"parent":0,"menu_order":0,"comment_status":"closed","ping_status":"closed","template":"","meta":{"footnotes":""},"folder":[28],"class_list":["post-114","page","type-page","status-publish","hentry"],"_links":{"self":[{"href":"https:\/\/ceo-france.fr\/index.php?rest_route=\/wp\/v2\/pages\/114","targetHints":{"allow":["GET"]}}],"collection":[{"href":"https:\/\/ceo-france.fr\/index.php?rest_route=\/wp\/v2\/pages"}],"about":[{"href":"https:\/\/ceo-france.fr\/index.php?rest_route=\/wp\/v2\/types\/page"}],"author":[{"embeddable":true,"href":"https:\/\/ceo-france.fr\/index.php?rest_route=\/wp\/v2\/users\/1"}],"replies":[{"embeddable":true,"href":"https:\/\/ceo-france.fr\/index.php?rest_route=%2Fwp%2Fv2%2Fcomments&post=114"}],"version-history":[{"count":79,"href":"https:\/\/ceo-france.fr\/index.php?rest_route=\/wp\/v2\/pages\/114\/revisions"}],"predecessor-version":[{"id":2125,"href":"https:\/\/ceo-france.fr\/index.php?rest_route=\/wp\/v2\/pages\/114\/revisions\/2125"}],"wp:attachment":[{"href":"https:\/\/ceo-france.fr\/index.php?rest_route=%2Fwp%2Fv2%2Fmedia&parent=114"}],"wp:term":[{"taxonomy":"folder","embeddable":true,"href":"https:\/\/ceo-france.fr\/index.php?rest_route=%2Fwp%2Fv2%2Ffolder&post=114"}],"curies":[{"name":"wp","href":"https:\/\/api.w.org\/{rel}","templated":true}]}}